{"id":23089,"date":"2025-01-18T23:28:06","date_gmt":"2025-01-18T23:28:06","guid":{"rendered":"https:\/\/blissfulvibz.com\/?post_type=product&#038;p=23089"},"modified":"2025-06-09T13:59:10","modified_gmt":"2025-06-09T13:59:10","slug":"capsula-blanda-de-curcumina","status":"publish","type":"product","link":"https:\/\/blissfulvibz.com\/es\/product\/capsula-blanda-de-curcumina\/","title":{"rendered":"C\u00e1psulas blandas de CBD con curcumina de 25 mg"},"content":{"rendered":"<div class=\"flex-shrink-0 flex flex-col relative items-end\">\n<div class=\"pt-0\">\n<div class=\"gizmo-bot-avatar flex h-8 w-8 items-center justify-center overflow-hidden rounded-full\">\n<h3 class=\"\" data-start=\"159\" data-end=\"260\">C\u00e1psulas blandas de curcumina BlissFulVibz de 25 mg: apoyo natural para las articulaciones y los m\u00fasculos para una vida activa y equilibrada<\/h3>\n<p class=\"\" data-start=\"262\" data-end=\"582\">Cuando tu estilo de vida exige movimiento, fuerza y resiliencia, tu cuerpo merece un apoyo igual de potente. Las c\u00e1psulas blandas de curcumina BlissFulVibz de 25 mg est\u00e1n dise\u00f1adas para ofrecerte precisamente eso: una forma natural y eficaz de aliviar tus articulaciones y m\u00fasculos, promover la flexibilidad y ayudarte a sentirte de maravilla cada d\u00eda.<\/p>\n<p class=\"\" data-start=\"631\" data-end=\"1150\">Elaboradas con esmero y con respaldo cient\u00edfico, cada c\u00e1psula blanda de curcumina contiene una potente mezcla de 25 mg de CBD premium y curcumina de alta biodisponibilidad, el compuesto activo de la c\u00farcuma, apreciado durante siglos por sus beneficios restauradores. Juntos, estos ingredientes trabajan en armon\u00eda para brindar un soporte integral para las articulaciones y los m\u00fasculos, ayud\u00e1ndote a moverte con mayor facilidad y menos molestias, ya sea antes de entrenar, recuper\u00e1ndote despu\u00e9s de la actividad f\u00edsica o simplemente siguiendo tus rutinas diarias.<\/p>\n<h3 class=\"\" data-start=\"1152\" data-end=\"1204\">Absorci\u00f3n mejorada con tecnolog\u00eda de nanoemulsi\u00f3n<\/h3>\n<p class=\"\" data-start=\"1206\" data-end=\"1551\">A diferencia de los suplementos est\u00e1ndar, nuestras c\u00e1psulas blandas de curcumina est\u00e1n mejoradas con tecnolog\u00eda de nanoemulsi\u00f3n de vanguardia. Esto permite que tu cuerpo absorba los nutrientes de forma m\u00e1s r\u00e1pida y eficiente, para que empieces a sentir los beneficios en tan solo 30 minutos o dos horas. Gracias a su mayor biodisponibilidad, obtienes m\u00e1s de lo que necesitas, cuando lo necesitas.<\/p>\n<h3 class=\"\" data-start=\"1553\" data-end=\"1588\">25 mg de CBD ideal para la recuperaci\u00f3n post-entrenamiento<\/h3>\n<p class=\"\" data-start=\"1590\" data-end=\"1904\">Las c\u00e1psulas blandas de curcumina BlissFulVibz de 25 mg son perfectas para la recuperaci\u00f3n post-entrenamiento. Ya sea que acabes de terminar una sesi\u00f3n de gimnasio, una larga caminata o un d\u00eda de pie, estas c\u00e1psulas blandas ayudan a aliviar el cansancio muscular y a reducir la rigidez post-ejercicio, permiti\u00e9ndote recuperarte m\u00e1s r\u00e1pido y mantenerte enfocado en tus objetivos de bienestar.<\/p>\n<h3 class=\"\" data-start=\"1906\" data-end=\"1945\">Comodidad diaria y soporte a largo plazo<\/h3>\n<p class=\"\" data-start=\"1947\" data-end=\"2211\">Estas c\u00e1psulas blandas no son solo para deportistas. Si sufres de rigidez diaria, molestias articulares propias de la edad o simplemente quieres mantener un estilo de vida saludable y activo, nuestras c\u00e1psulas blandas de curcumina con CBD de 25 mg ofrecen un apoyo seguro y de origen vegetal para tu cuerpo y mente.<\/p>\n<h3 class=\"\" data-start=\"2213\" data-end=\"2251\">Ingredientes limpios, calidad confiable<\/h3>\n<p class=\"\" data-start=\"2253\" data-end=\"2619\">Cada frasco contiene 30 c\u00e1psulas blandas f\u00e1ciles de tragar: pr\u00e1cticas, sin complicaciones y perfectas para el uso diario. Simplemente tome una al d\u00eda, o seg\u00fan sea necesario, para promover la movilidad, la comodidad y el equilibrio general del cuerpo. Cada lote se somete a pruebas de pureza y potencia en laboratorios independientes. Simplemente escanee el c\u00f3digo QR en la etiqueta para acceder a informes de laboratorio detallados y disfrutar de la transparencia que merece.<\/p>\n<p class=\"\" data-start=\"2656\" data-end=\"2855\">En <em><a href=\"https:\/\/blissfulvibz.com\/es\/\">Vibz feliz y pleno<\/a><\/em>Nos comprometemos a crear productos que se adapten a tu cuerpo de forma natural. Si no est\u00e1s completamente satisfecho con tu compra, te ofrecemos una garant\u00eda de devoluci\u00f3n de dinero de 30 d\u00edas, sin preguntas.<\/p>\n<\/div>\n<\/div>\n<\/div>","protected":false},"excerpt":{"rendered":"<p>Promueva la movilidad y el bienestar de las articulaciones de forma natural con las c\u00e1psulas blandas de curcumina de 25 mg de BlissFulVibz. Estas c\u00e1psulas blandas, potenciadas con curcumina de primera calidad y tecnolog\u00eda de nanoemulsi\u00f3n para una mejor absorci\u00f3n, ayudan a aliviar la rigidez y promueven la flexibilidad. Son perfectas para mantenerse activo, ya sea que est\u00e9 haciendo ejercicio o simplemente movi\u00e9ndose durante el d\u00eda. De acci\u00f3n r\u00e1pida, probadas en laboratorio y con satisfacci\u00f3n garantizada.<\/p>","protected":false},"featured_media":23086,"comment_status":"closed","ping_status":"closed","template":"","meta":{"_acf_changed":false,"inline_featured_image":false},"product_brand":[],"product_cat":[78],"product_tag":[92],"class_list":{"0":"post-23089","1":"product","2":"type-product","3":"status-publish","4":"has-post-thumbnail","6":"product_cat-mello-vibz","7":"product_tag-softgels","9":"first","10":"instock","11":"taxable","12":"shipping-taxable","13":"purchasable","14":"product-type-simple"},"acf":[],"_links":{"self":[{"href":"https:\/\/blissfulvibz.com\/es\/wp-json\/wp\/v2\/product\/23089","targetHints":{"allow":["GET"]}}],"collection":[{"href":"https:\/\/blissfulvibz.com\/es\/wp-json\/wp\/v2\/product"}],"about":[{"href":"https:\/\/blissfulvibz.com\/es\/wp-json\/wp\/v2\/types\/product"}],"replies":[{"embeddable":true,"href":"https:\/\/blissfulvibz.com\/es\/wp-json\/wp\/v2\/comments?post=23089"}],"version-history":[{"count":7,"href":"https:\/\/blissfulvibz.com\/es\/wp-json\/wp\/v2\/product\/23089\/revisions"}],"predecessor-version":[{"id":24164,"href":"https:\/\/blissfulvibz.com\/es\/wp-json\/wp\/v2\/product\/23089\/revisions\/24164"}],"wp:featuredmedia":[{"embeddable":true,"href":"https:\/\/blissfulvibz.com\/es\/wp-json\/wp\/v2\/media\/23086"}],"wp:attachment":[{"href":"https:\/\/blissfulvibz.com\/es\/wp-json\/wp\/v2\/media?parent=23089"}],"wp:term":[{"taxonomy":"product_brand","embeddable":true,"href":"https:\/\/blissfulvibz.com\/es\/wp-json\/wp\/v2\/product_brand?post=23089"},{"taxonomy":"product_cat","embeddable":true,"href":"https:\/\/blissfulvibz.com\/es\/wp-json\/wp\/v2\/product_cat?post=23089"},{"taxonomy":"product_tag","embeddable":true,"href":"https:\/\/blissfulvibz.com\/es\/wp-json\/wp\/v2\/product_tag?post=23089"}],"curies":[{"name":"wp","href":"https:\/\/api.w.org\/{rel}","templated":true}]}}