{"id":23083,"date":"2025-01-19T13:14:16","date_gmt":"2025-01-19T13:14:16","guid":{"rendered":"https:\/\/blissfulvibz.com\/?post_type=product&#038;p=23083"},"modified":"2025-04-30T00:10:08","modified_gmt":"2025-04-30T00:10:08","slug":"gomitas-de-5-mg-de-thc-mezclado-con-sabor-tropical","status":"publish","type":"product","link":"https:\/\/blissfulvibz.com\/es\/product\/gomitas-de-5-mg-de-thc-mezclado-con-sabor-tropical\/","title":{"rendered":"Gomitas Tropical Delight: 25 mg de CBD de espectro completo + 5 mg de delta-9 THC"},"content":{"rendered":"<h3 class=\"AnswerParser_AnswerParserH4__ghxg8\"><strong>5 mg de delta-9 mixto <\/strong><strong>Gomitas THC Tropical Delight\u00a0<\/strong><\/h3>\n<p data-start=\"48\" data-end=\"316\">Saborea el sabor del para\u00edso con nuestro CBD + <strong><a href=\"https:\/\/blissfulvibz.com\/es\/product\/gomitas-de-5-mg-de-thc-mezclado-con-sabor-tropical\/\">Gomitas de THC Tropical Delight<\/a><\/strong>\u00a1Cada gomita suave y masticable est\u00e1 cuidadosamente infundida con\u00a0<strong>25 mg de CBD<\/strong>\u00a0y\u00a0<strong>5 mg de THC<\/strong>, que ofrece la armon\u00eda perfecta de relajaci\u00f3n relajante y euforia suave. Rebosantes de vibrantes sabores a frutas tropicales como pi\u00f1a, naranja y limonada de ar\u00e1ndanos, estas gomitas THC Tropical Delight ofrecen una experiencia verdaderamente placentera que transporta tus papilas gustativas a una escapada soleada al tiempo que proporciona una combinaci\u00f3n equilibrada de vibraciones tranquilas y estimulantes.<\/p>\n<p data-start=\"318\" data-end=\"619\">Elaboradas tanto para la relajaci\u00f3n como para el disfrute, nuestras gomitas THC Tropical Delight son ideales para lograr un estado de relajaci\u00f3n y bienestar, ya sea que desees relajarte despu\u00e9s de un largo d\u00eda o mejorar tu flujo creativo. Elaboradas con ingredientes de alta calidad y con pureza comprobada en laboratorio, ofrecen una experiencia consistente y sabrosa en todo momento.<\/p>\n<h4 class=\"AnswerParser_AnswerParserH3__Mpe4s\"><strong>\u00bfPor qu\u00e9 elegir gomitas de THC + CBD?<\/strong><\/h4>\n<ul>\n<li class=\"AnswerParser_ListItem__XqLOV\" translate=\"yes\"><span class=\"AnswerParser_TextContainer__z_Iiv\" data-testid=\"youchat-text\"><span class=\"AnswerParser_TextContainer__z_Iiv\" data-testid=\"youchat-text\"><strong>5 mg de THC mixto + 25 mg de CBD por gomita: <\/strong>Cada gominola contiene una dosis precisa de 5 mg de THC y 25 mg de CBD, lo que ofrece una experiencia equilibrada y manejable. La combinaci\u00f3n de THC y CBD crea un efecto s\u00e9quito que potencia tanto la relajaci\u00f3n como el bienestar.<\/span><\/span><\/li>\n<li class=\"AnswerParser_ListItem__XqLOV\" translate=\"yes\"><span class=\"AnswerParser_TextContainer__z_Iiv\" data-testid=\"youchat-text\"><strong>Deliciosos sabores de frutas tropicales: <\/strong>Disfrute del sabor refrescante y jugoso de las frutas tropicales en cada bocado. Estas gomitas est\u00e1n elaboradas para brindar una experiencia sabrosa que complementa perfectamente sus efectos calmantes.<\/span><\/li>\n<li class=\"AnswerParser_ListItem__XqLOV\" translate=\"yes\"><span class=\"AnswerParser_TextContainer__z_Iiv\" data-testid=\"youchat-text\"><strong>Perfecto para relajarse y mejorar el estado de \u00e1nimo: <\/strong>Dise\u00f1adas para ayudarte a relajarte, estas gomitas promueven la relajaci\u00f3n y mejoran tu estado de \u00e1nimo, lo que las hace ideales para usar tanto de d\u00eda como de noche.<\/span><\/li>\n<li class=\"AnswerParser_ListItem__XqLOV\" translate=\"yes\"><span class=\"AnswerParser_TextContainer__z_Iiv\" data-testid=\"youchat-text\"><span class=\"AnswerParser_TextContainer__z_Iiv\" data-testid=\"youchat-text\"><strong>Ingredientes naturales: <\/strong>Elaboradas con ingredientes org\u00e1nicos, veganos y totalmente naturales, estas gomitas est\u00e1n libres de aditivos artificiales, lo que garantiza una experiencia limpia y saludable.<\/span><\/span><\/li>\n<li class=\"AnswerParser_ListItem__XqLOV\" translate=\"yes\"><span class=\"AnswerParser_TextContainer__z_Iiv\" data-testid=\"youchat-text\"><strong>Probado en laboratorio para garantizar calidad y consistencia: <\/strong>Cada lote se prueba rigurosamente para garantizar la m\u00e1xima calidad, seguridad y consistencia, para que pueda disfrutar de sus gomitas con confianza.<\/span><\/li>\n<\/ul>\n<p><span class=\"AnswerParser_TextContainer__z_Iiv\" data-testid=\"youchat-text\">La adici\u00f3n de 25 mg de CBD amplifica los beneficios calmantes de estas gomitas, ayudando a aliviar la tensi\u00f3n, favorecer la recuperaci\u00f3n y equilibrar los efectos del THC. Ya sea que busques relajaci\u00f3n, alivio del estr\u00e9s o un est\u00edmulo an\u00edmico, la combinaci\u00f3n de THC y CBD brinda una experiencia completa y placentera. Disfruta de nuestro BlissFulVibz <\/span>\u00a1Gomitas THC Tropical Delight ahora!<\/p>\n<p>&nbsp;<\/p>","protected":false},"excerpt":{"rendered":"<p>Cada una de nuestras gomitas Tropical Delight contiene 5 mg de THC y 25 mg de CBD. Est\u00e1n repletas de jugosos sabores tropicales como pi\u00f1a, naranja y limonada de ar\u00e1ndanos.<\/p>\n<p>\ud83c\udf3f <strong data-start=\"654\" data-end=\"673\">Org\u00e1nico y vegano<\/strong> \u2013 Libre de aditivos artificiales.<br data-start=\"775\" data-end=\"778\" data-is-only-node=\"\" \/>\u2705 <strong data-start=\"780\" data-end=\"820\">Probado en laboratorio para garantizar calidad y consistencia<\/strong> \u2013 Disfruta con confianza.<\/p>","protected":false},"featured_media":23087,"comment_status":"open","ping_status":"closed","template":"","meta":{"_acf_changed":false,"inline_featured_image":false},"product_brand":[],"product_cat":[76],"product_tag":[93],"class_list":{"0":"post-23083","1":"product","2":"type-product","3":"status-publish","4":"has-post-thumbnail","6":"product_cat-euphoric-vibz","7":"product_tag-gummies","9":"first","10":"instock","11":"taxable","12":"shipping-taxable","13":"purchasable","14":"product-type-simple"},"acf":[],"_links":{"self":[{"href":"https:\/\/blissfulvibz.com\/es\/wp-json\/wp\/v2\/product\/23083","targetHints":{"allow":["GET"]}}],"collection":[{"href":"https:\/\/blissfulvibz.com\/es\/wp-json\/wp\/v2\/product"}],"about":[{"href":"https:\/\/blissfulvibz.com\/es\/wp-json\/wp\/v2\/types\/product"}],"replies":[{"embeddable":true,"href":"https:\/\/blissfulvibz.com\/es\/wp-json\/wp\/v2\/comments?post=23083"}],"version-history":[{"count":6,"href":"https:\/\/blissfulvibz.com\/es\/wp-json\/wp\/v2\/product\/23083\/revisions"}],"predecessor-version":[{"id":24090,"href":"https:\/\/blissfulvibz.com\/es\/wp-json\/wp\/v2\/product\/23083\/revisions\/24090"}],"wp:featuredmedia":[{"embeddable":true,"href":"https:\/\/blissfulvibz.com\/es\/wp-json\/wp\/v2\/media\/23087"}],"wp:attachment":[{"href":"https:\/\/blissfulvibz.com\/es\/wp-json\/wp\/v2\/media?parent=23083"}],"wp:term":[{"taxonomy":"product_brand","embeddable":true,"href":"https:\/\/blissfulvibz.com\/es\/wp-json\/wp\/v2\/product_brand?post=23083"},{"taxonomy":"product_cat","embeddable":true,"href":"https:\/\/blissfulvibz.com\/es\/wp-json\/wp\/v2\/product_cat?post=23083"},{"taxonomy":"product_tag","embeddable":true,"href":"https:\/\/blissfulvibz.com\/es\/wp-json\/wp\/v2\/product_tag?post=23083"}],"curies":[{"name":"wp","href":"https:\/\/api.w.org\/{rel}","templated":true}]}}