{"id":22787,"date":"2024-12-09T17:11:06","date_gmt":"2024-12-09T17:11:06","guid":{"rendered":"https:\/\/blissfulvibz.com\/?post_type=product&#038;p=22787"},"modified":"2025-04-15T17:13:51","modified_gmt":"2025-04-15T17:13:51","slug":"gel-en-barra-con-cbd-de-900-mg","status":"publish","type":"product","link":"https:\/\/blissfulvibz.com\/es\/product\/gel-en-barra-con-cbd-de-900-mg\/","title":{"rendered":"Gel en roll-on con CBD de 900 mg"},"content":{"rendered":"<p>Experimente un alivio r\u00e1pido y conveniente con el gel roll-on con CBD de 900 mg de BlissFulVibz. Este gel, con CBD de espectro completo con menos de 0,31 TP3T de THC y mentol refrescante, est\u00e1 dise\u00f1ado para aliviar los m\u00fasculos adoloridos, aliviar el malestar de las articulaciones y refrescar las \u00e1reas cansadas, donde sea que lo lleve su d\u00eda.<\/p>\n<h4><strong>\u00bfPor qu\u00e9 elegir BlissFulVibz? <\/strong><strong>900 mg <\/strong><strong>\u00bfGel CBD en roll-on?<\/strong><\/h4>\n<ul>\n<li><strong>Alta potencia<\/strong>:Con 900 mg de CBD y menos de 0,31 TP3T de THC en un roll-on port\u00e1til de 3 oz para un alivio eficaz y espec\u00edfico.<\/li>\n<li><strong>Aplicaci\u00f3n sin complicaciones<\/strong>:El aplicador roll-on permite una aplicaci\u00f3n precisa y limpia, perfecta para estilos de vida activos.<\/li>\n<li><strong>Sensaci\u00f3n refrescante<\/strong>:El mentol proporciona un efecto refrescante y refrescante para aliviar r\u00e1pidamente la tensi\u00f3n y el malestar.<\/li>\n<\/ul>\n<p><strong>C\u00f3mo utilizar<\/strong><br \/>\nAplique el gel directamente sobre la zona afectada y deje que se absorba. \u00daselo seg\u00fan sea necesario para:<\/p>\n<ul>\n<li>Alivia el dolor muscular despu\u00e9s del ejercicio.<\/li>\n<li>Alivia la tensi\u00f3n y el malestar de las articulaciones.<\/li>\n<li>Refresca y revitaliza los m\u00fasculos cansados durante tu d\u00eda ajetreado.<\/li>\n<\/ul>\n<p>Elaborado con CBD de primera calidad de c\u00e1\u00f1amo cultivado en EE. UU., BlissFulVibz CBD Roll on Gel se somete a rigurosas pruebas de terceros para garantizar su potencia, pureza y seguridad.<\/p>\n<p>Ya sea para recuperarse de entrenamientos intensos o para controlar la tensi\u00f3n diaria, BlissFulVibz CBD Roll on Gel brinda un apoyo r\u00e1pido y espec\u00edfico en un formato port\u00e1til y sin complicaciones.<\/p>\n<p><strong>Mant\u00e9ngase activo y si\u00e9ntase renovado con <a href=\"https:\/\/blissfulvibz.com\/es\/\">Vibz feliz y pleno<\/a> <a href=\"https:\/\/www.medicalnewstoday.com\/articles\/317221\" target=\"_blank\" rel=\"noopener\">CDB<\/a> Gel Roll-on: el compa\u00f1ero ideal para un alivio refrescante en cualquier lugar.<\/strong><\/p>","protected":false},"excerpt":{"rendered":"<p>Experimenta un alivio r\u00e1pido y c\u00f3modo con el gel roll-on de CBD BlissFulVibz de 900 mg. Con CBD de espectro completo, menos de 0.31% de THC y mentol refrescante, este gel est\u00e1 dise\u00f1ado para aliviar el dolor muscular, las molestias articulares y revitalizar las zonas cansadas, dondequiera que te lleve el d\u00eda. \u00bfPor qu\u00e9 elegir el gel roll-on de CBD BlissFulVibz de 900 mg? Alta potencia: Contiene 900 mg de CBD [\u2026]<\/p>","protected":false},"featured_media":22788,"comment_status":"open","ping_status":"closed","template":"","meta":{"_acf_changed":false,"inline_featured_image":false},"product_brand":[],"product_cat":[95],"product_tag":[99],"class_list":{"0":"post-22787","1":"product","2":"type-product","3":"status-publish","4":"has-post-thumbnail","6":"product_cat-soothing-vibz","7":"product_tag-soothing","9":"first","10":"instock","11":"taxable","12":"shipping-taxable","13":"purchasable","14":"product-type-simple"},"acf":[],"_links":{"self":[{"href":"https:\/\/blissfulvibz.com\/es\/wp-json\/wp\/v2\/product\/22787","targetHints":{"allow":["GET"]}}],"collection":[{"href":"https:\/\/blissfulvibz.com\/es\/wp-json\/wp\/v2\/product"}],"about":[{"href":"https:\/\/blissfulvibz.com\/es\/wp-json\/wp\/v2\/types\/product"}],"replies":[{"embeddable":true,"href":"https:\/\/blissfulvibz.com\/es\/wp-json\/wp\/v2\/comments?post=22787"}],"version-history":[{"count":5,"href":"https:\/\/blissfulvibz.com\/es\/wp-json\/wp\/v2\/product\/22787\/revisions"}],"predecessor-version":[{"id":24100,"href":"https:\/\/blissfulvibz.com\/es\/wp-json\/wp\/v2\/product\/22787\/revisions\/24100"}],"wp:featuredmedia":[{"embeddable":true,"href":"https:\/\/blissfulvibz.com\/es\/wp-json\/wp\/v2\/media\/22788"}],"wp:attachment":[{"href":"https:\/\/blissfulvibz.com\/es\/wp-json\/wp\/v2\/media?parent=22787"}],"wp:term":[{"taxonomy":"product_brand","embeddable":true,"href":"https:\/\/blissfulvibz.com\/es\/wp-json\/wp\/v2\/product_brand?post=22787"},{"taxonomy":"product_cat","embeddable":true,"href":"https:\/\/blissfulvibz.com\/es\/wp-json\/wp\/v2\/product_cat?post=22787"},{"taxonomy":"product_tag","embeddable":true,"href":"https:\/\/blissfulvibz.com\/es\/wp-json\/wp\/v2\/product_tag?post=22787"}],"curies":[{"name":"wp","href":"https:\/\/api.w.org\/{rel}","templated":true}]}}