{"id":22781,"date":"2024-12-07T11:10:04","date_gmt":"2024-12-07T11:10:04","guid":{"rendered":"https:\/\/blissfulvibz.com\/?post_type=product&#038;p=22781"},"modified":"2025-04-15T16:39:36","modified_gmt":"2025-04-15T16:39:36","slug":"aceite-de-masaje-de-cbd-de-500-mg-sin-aroma","status":"publish","type":"product","link":"https:\/\/blissfulvibz.com\/es\/product\/aceite-de-masaje-de-cbd-de-500-mg-sin-aroma\/","title":{"rendered":"Aceite de masaje con CBD de 500 mg sin aroma"},"content":{"rendered":"<p>Mejore su experiencia de masaje con el aceite de masaje BlissFulVibz de CBD de 500 mg, una f\u00f3rmula sin perfume dise\u00f1ada para una relajaci\u00f3n relajante y un apoyo espec\u00edfico. Con 500 mg de CBD premium de espectro completo. <a href=\"https:\/\/www.medicalnewstoday.com\/articles\/317221\" target=\"_blank\" rel=\"noopener\">CDB<\/a> y 17 mg de THC por botella, este aceite de masaje es perfecto para promover el bienestar y atender a quienes prefieren una opci\u00f3n sin fragancia.<\/p>\n<h4><strong>\u00bfPor qu\u00e9 elegir el aceite de masaje CBD BlissFulVibz?<\/strong><\/h4>\n<ul>\n<li><strong>Alivio puro<\/strong>:Infundido con CBD + THC para ayudar a relajar los m\u00fasculos, aliviar la tensi\u00f3n y fomentar una sensaci\u00f3n de calma.<\/li>\n<li><strong>F\u00f3rmula sin fragancia<\/strong>:Perfecto para pieles sensibles o para mezclar con tus aceites esenciales favoritos.<\/li>\n<li><strong>Textura suave y sedosa<\/strong>:Se desliza sin esfuerzo sobre la piel, dej\u00e1ndola hidratada y nutrida sin sensaci\u00f3n grasosa.<\/li>\n<\/ul>\n<p>Elaborado con CBD de primera calidad derivado de c\u00e1\u00f1amo cultivado en EE. UU., este aceite de masaje est\u00e1 probado en laboratorio por terceros para verificar su pureza y potencia, lo que garantiza un producto limpio y eficaz en el que puede confiar.<\/p>\n<p>Ya sea que desee relajarse despu\u00e9s de un entrenamiento, aliviar la tensi\u00f3n diaria o disfrutar del cuidado personal, el aceite de masaje CBD BlissFulVibz 500 mg es la mejor incorporaci\u00f3n a su rutina de bienestar.<\/p>\n<p><strong>C\u00f3mo utilizar<\/strong><br \/>\nAplicar una peque\u00f1a cantidad en la zona deseada y masajear suavemente la piel. Ideal para:<\/p>\n<ul>\n<li>Relajando los m\u00fasculos tensos despu\u00e9s de un largo d\u00eda.<\/li>\n<li>Potenciando los masajes profesionales o a domicilio.<\/li>\n<li>Hidrata y calma tu piel.<\/li>\n<\/ul>\n<p><strong>Experimente la relajaci\u00f3n pura con <a href=\"https:\/\/blissfulvibz.com\/es\/\">Vibz feliz y pleno<\/a> Aceite de masaje con CBD sin aroma: elaborado para un cuidado natural y eficaz que te har\u00e1 sentir renovado y a gusto.<\/strong><\/p>","protected":false},"excerpt":{"rendered":"<p>El aceite de masaje BlissFulVibz de 500 mg de CBD (sin aroma) contiene CBD de espectro completo en una f\u00f3rmula sedosa y no grasa, dise\u00f1ada para relajar los m\u00fasculos, aliviar la tensi\u00f3n e hidratar la piel. Ideal para personas sensibles o para mezclas personalizadas con aceites esenciales, ha sido rigurosamente probado por terceros para garantizar su pureza y potencia.<\/p>","protected":false},"featured_media":22784,"comment_status":"open","ping_status":"closed","template":"","meta":{"_acf_changed":false,"inline_featured_image":false},"product_brand":[],"product_cat":[95],"product_tag":[99],"class_list":{"0":"post-22781","1":"product","2":"type-product","3":"status-publish","4":"has-post-thumbnail","6":"product_cat-soothing-vibz","7":"product_tag-soothing","9":"first","10":"instock","11":"taxable","12":"shipping-taxable","13":"purchasable","14":"product-type-simple"},"acf":[],"_links":{"self":[{"href":"https:\/\/blissfulvibz.com\/es\/wp-json\/wp\/v2\/product\/22781","targetHints":{"allow":["GET"]}}],"collection":[{"href":"https:\/\/blissfulvibz.com\/es\/wp-json\/wp\/v2\/product"}],"about":[{"href":"https:\/\/blissfulvibz.com\/es\/wp-json\/wp\/v2\/types\/product"}],"replies":[{"embeddable":true,"href":"https:\/\/blissfulvibz.com\/es\/wp-json\/wp\/v2\/comments?post=22781"}],"version-history":[{"count":5,"href":"https:\/\/blissfulvibz.com\/es\/wp-json\/wp\/v2\/product\/22781\/revisions"}],"predecessor-version":[{"id":24099,"href":"https:\/\/blissfulvibz.com\/es\/wp-json\/wp\/v2\/product\/22781\/revisions\/24099"}],"wp:featuredmedia":[{"embeddable":true,"href":"https:\/\/blissfulvibz.com\/es\/wp-json\/wp\/v2\/media\/22784"}],"wp:attachment":[{"href":"https:\/\/blissfulvibz.com\/es\/wp-json\/wp\/v2\/media?parent=22781"}],"wp:term":[{"taxonomy":"product_brand","embeddable":true,"href":"https:\/\/blissfulvibz.com\/es\/wp-json\/wp\/v2\/product_brand?post=22781"},{"taxonomy":"product_cat","embeddable":true,"href":"https:\/\/blissfulvibz.com\/es\/wp-json\/wp\/v2\/product_cat?post=22781"},{"taxonomy":"product_tag","embeddable":true,"href":"https:\/\/blissfulvibz.com\/es\/wp-json\/wp\/v2\/product_tag?post=22781"}],"curies":[{"name":"wp","href":"https:\/\/api.w.org\/{rel}","templated":true}]}}