{"id":22777,"date":"2024-12-09T17:11:07","date_gmt":"2024-12-09T17:11:07","guid":{"rendered":"https:\/\/blissfulvibz.com\/?post_type=product&#038;p=22777"},"modified":"2025-04-15T15:37:29","modified_gmt":"2025-04-15T15:37:29","slug":"unguento-de-cbd-de-1000-mg-con-lavanda-y-eucalipto","status":"publish","type":"product","link":"https:\/\/blissfulvibz.com\/es\/product\/unguento-de-cbd-de-1000-mg-con-lavanda-y-eucalipto\/","title":{"rendered":"Ung\u00fcento de lavanda y eucalipto con CBD de 1000 mg"},"content":{"rendered":"<h3>B\u00e1lsamo de CBD BlissFulVibz 1000 mg \u2013 Lavanda y eucalipto<\/h3>\n<p>Experimenta el poder del CBD de amplio espectro con el b\u00e1lsamo de CBD BlissFulVibz de 1000 mg, una soluci\u00f3n t\u00f3pica premium dise\u00f1ada para aliviar la tensi\u00f3n muscular y brindar alivio localizado con CBD justo donde lo necesitas. Este b\u00e1lsamo de alta potencia combina ingredientes bot\u00e1nicos calmantes, aceites esenciales e ingredientes hidratantes para nutrir tu piel y ofrecer soporte localizado para m\u00fasculos y articulaciones.<\/p>\n<h3 class=\"\" data-start=\"610\" data-end=\"654\"><strong data-start=\"614\" data-end=\"652\">\u00bfPor qu\u00e9 elegir el b\u00e1lsamo CBD BlissFulVibz?<\/strong><\/h3>\n<p class=\"\" data-start=\"656\" data-end=\"1210\">\u2714 1000 mg de CBD de amplio espectro: favorece el alivio y la relajaci\u00f3n espec\u00edficos con 0,01 TP3T THC.<br data-start=\"748\" data-end=\"751\" \/>\u2714 F\u00f3rmula de r\u00e1pida absorci\u00f3n: administra CBD directamente al \u00e1rea afectada para obtener efectos r\u00e1pidos y localizados.<br data-start=\"858\" data-end=\"861\" \/>\u2714 Beneficios de la aromaterapia: infundido con lavanda y eucalipto para crear una experiencia relajante similar a la de un spa.<br data-start=\"974\" data-end=\"977\" \/>\u2714 Hidrataci\u00f3n profunda y apoyo a la piel: nutre la piel seca e irritada con cera de abejas org\u00e1nica y extractos bot\u00e1nicos.<br data-start=\"1093\" data-end=\"1096\" \/>\u2714 Probado en laboratorio para garantizar pureza y potencia: verificado mediante pruebas de terceros para garantizar seguridad y consistencia.<\/p>\n<h3 class=\"\" data-start=\"1212\" data-end=\"1248\"><strong data-start=\"1216\" data-end=\"1246\">Alivio localizado, natural<\/strong><\/h3>\n<p class=\"\" data-start=\"1250\" data-end=\"1304\">Este ung\u00fcento de CBD para un alivio espec\u00edfico es ideal para:<\/p>\n<p class=\"\" data-start=\"1307\" data-end=\"1363\">\u2714Alivia la tensi\u00f3n muscular despu\u00e9s de los entrenamientos o d\u00edas largos.<\/p>\n<p class=\"\" data-start=\"1366\" data-end=\"1425\">\u2714Alivia las articulaciones doloridas con una hidrataci\u00f3n profunda y reconfortante.<\/p>\n<p class=\"\" data-start=\"1428\" data-end=\"1509\">\u2714Hidratar y nutrir la piel con ingredientes naturales que la aman.<\/p>\n<h3 class=\"\" data-start=\"1511\" data-end=\"1531\"><strong data-start=\"1515\" data-end=\"1529\">C\u00f3mo utilizar<\/strong><\/h3>\n<p class=\"\" data-start=\"1533\" data-end=\"1797\">Masajee una peque\u00f1a cantidad sobre la zona afectada hasta su completa absorci\u00f3n. Apl\u00edquela seg\u00fan sea necesario para disfrutar de todos los beneficios del alivio espec\u00edfico del CBD. Ideal para uso diario, recuperaci\u00f3n post-ejercicio o cuando sus m\u00fasculos y articulaciones necesiten un apoyo adicional. Adem\u00e1s, <a href=\"https:\/\/releaf.co.uk\/education\/cannabis-101\/administration\/topical\/a-beginners-guide-to-topical-cannabinoids-and-cbd-cream\" target=\"_blank\" rel=\"noopener\">Los t\u00f3picos no son psicoactivos.<\/a> \u2013 No te dejar\u00e1n \u201ccolocado\u201d con ninguna dosis.<\/p>\n<h3 class=\"\" data-start=\"1799\" data-end=\"1849\"><strong data-start=\"1803\" data-end=\"1847\">BlissFulVibz: una diferencia que puedes sentir<\/strong><\/h3>\n<p class=\"\" data-start=\"1851\" data-end=\"2133\">En <strong><a href=\"https:\/\/blissfulvibz.com\/es\/\">Vibz feliz y pleno<\/a><\/strong> Nos comprometemos a ofrecer productos de CBD de amplio espectro y alta calidad dise\u00f1ados para tu bienestar. Nuestro b\u00e1lsamo de CBD de 1000 mg se elabora con esmero, se somete a pruebas de calidad y est\u00e1 hecho con ingredientes puros y naturales, para que puedas sentirte seguro en cada aplicaci\u00f3n.<\/p>","protected":false},"excerpt":{"rendered":"<p>El b\u00e1lsamo de CBD BlissFulVibz de 1000 mg combina el poder del CBD de amplio espectro, la cera de abeja org\u00e1nica y aceites esenciales calmantes para brindar alivio localizado a dolores musculares y articulares, a la vez que hidrata y nutre profundamente la piel seca. Elaborado en EE. UU. con ingredientes limpios y de primera calidad, este b\u00e1lsamo se somete a rigurosas pruebas externas para garantizar su calidad y seguridad. Su f\u00f3rmula de r\u00e1pida absorci\u00f3n proporciona un apoyo localizado y de acci\u00f3n r\u00e1pida, lo que lo convierte en una opci\u00f3n confiable para quienes buscan un alivio natural y efectivo.<\/p>","protected":false},"featured_media":22768,"comment_status":"open","ping_status":"closed","template":"","meta":{"_acf_changed":false,"inline_featured_image":false},"product_brand":[],"product_cat":[95],"product_tag":[99],"class_list":{"0":"post-22777","1":"product","2":"type-product","3":"status-publish","4":"has-post-thumbnail","6":"product_cat-soothing-vibz","7":"product_tag-soothing","9":"first","10":"instock","11":"taxable","12":"shipping-taxable","13":"purchasable","14":"product-type-simple"},"acf":[],"_links":{"self":[{"href":"https:\/\/blissfulvibz.com\/es\/wp-json\/wp\/v2\/product\/22777","targetHints":{"allow":["GET"]}}],"collection":[{"href":"https:\/\/blissfulvibz.com\/es\/wp-json\/wp\/v2\/product"}],"about":[{"href":"https:\/\/blissfulvibz.com\/es\/wp-json\/wp\/v2\/types\/product"}],"replies":[{"embeddable":true,"href":"https:\/\/blissfulvibz.com\/es\/wp-json\/wp\/v2\/comments?post=22777"}],"version-history":[{"count":6,"href":"https:\/\/blissfulvibz.com\/es\/wp-json\/wp\/v2\/product\/22777\/revisions"}],"predecessor-version":[{"id":24096,"href":"https:\/\/blissfulvibz.com\/es\/wp-json\/wp\/v2\/product\/22777\/revisions\/24096"}],"wp:featuredmedia":[{"embeddable":true,"href":"https:\/\/blissfulvibz.com\/es\/wp-json\/wp\/v2\/media\/22768"}],"wp:attachment":[{"href":"https:\/\/blissfulvibz.com\/es\/wp-json\/wp\/v2\/media?parent=22777"}],"wp:term":[{"taxonomy":"product_brand","embeddable":true,"href":"https:\/\/blissfulvibz.com\/es\/wp-json\/wp\/v2\/product_brand?post=22777"},{"taxonomy":"product_cat","embeddable":true,"href":"https:\/\/blissfulvibz.com\/es\/wp-json\/wp\/v2\/product_cat?post=22777"},{"taxonomy":"product_tag","embeddable":true,"href":"https:\/\/blissfulvibz.com\/es\/wp-json\/wp\/v2\/product_tag?post=22777"}],"curies":[{"name":"wp","href":"https:\/\/api.w.org\/{rel}","templated":true}]}}