{"id":22767,"date":"2024-12-07T11:03:52","date_gmt":"2024-12-07T11:03:52","guid":{"rendered":"https:\/\/blissfulvibz.com\/?post_type=product&#038;p=22767"},"modified":"2025-04-15T15:34:13","modified_gmt":"2025-04-15T15:34:13","slug":"unguento-de-cbd-de-500-mg-con-lavanda-y-eucalipto","status":"publish","type":"product","link":"https:\/\/blissfulvibz.com\/es\/product\/unguento-de-cbd-de-500-mg-con-lavanda-y-eucalipto\/","title":{"rendered":"Ung\u00fcento de lavanda y eucalipto con CBD de 500 mg"},"content":{"rendered":"<h3>B\u00e1lsamo de CBD BlissFulVibz 500 mg \u2013 Lavanda y eucalipto<\/h3>\n<p>Descubre el poder del b\u00e1lsamo de CBD de 500 mg, infusionado con lavanda y eucalipto calmantes, dise\u00f1ado para brindar alivio localizado y relajaci\u00f3n muscular profunda. Ya sea que tengas dolores musculares despu\u00e9s del entrenamiento, tensi\u00f3n diaria o piel seca, este b\u00e1lsamo de CBD de amplio espectro para aliviar el dolor ofrece una soluci\u00f3n natural, no grasa, que se absorbe r\u00e1pidamente para un alivio localizado.<\/p>\n<h3>\u00bfPor qu\u00e9 elegir el b\u00e1lsamo de amplio espectro BlissFulVibz?<\/h3>\n<p>A diferencia de los productos de CBD ingeribles, este ung\u00fcento de CBD para la relajaci\u00f3n muscular se aplica directamente para un alivio r\u00e1pido. La piel permite una r\u00e1pida absorci\u00f3n, permitiendo que el CBD y los ingredientes bot\u00e1nicos act\u00faen directamente donde m\u00e1s se necesitan. Adem\u00e1s, <a href=\"https:\/\/releaf.co.uk\/education\/cannabis-101\/administration\/topical\/a-beginners-guide-to-topical-cannabinoids-and-cbd-cream\" target=\"_blank\" rel=\"noopener\">Los t\u00f3picos no son psicoactivos.<\/a> \u2013 No te dejar\u00e1n \u201ccolocado\u201d con ninguna dosis.<\/p>\n<p>\u2714Profundamente hidratante y calmante: hidrata y restaura la piel seca e irritada.<\/p>\n<p>\u2714Favorece la comodidad de las articulaciones y los m\u00fasculos: ideal para la recuperaci\u00f3n posterior al entrenamiento o el alivio diario.<\/p>\n<p>\u2714F\u00f3rmula no grasa de r\u00e1pida absorci\u00f3n: sin suciedad, solo resultados.<\/p>\n<p>El ung\u00fcento CBD BlissFulVibz de 500 mg est\u00e1 elaborado con ingredientes de origen natural y de alta calidad para apoyar su rutina de bienestar:<\/p>\n<p>\u2714500 mg de CBD de amplio espectro: proporciona alivio localizado sin THC.<\/p>\n<p>\u2714Cera de abejas org\u00e1nica: ayuda a retener la humedad para una hidrataci\u00f3n duradera.<\/p>\n<p>\u2714Aceites esenciales de lavanda y eucalipto: ofrecen un aroma refrescante y calmante a la vez que mejoran la relajaci\u00f3n.<\/p>\n<p>\u2714Aceite de coco: Nutre y suaviza la piel, promoviendo la salud general de la piel.<\/p>\n<h3>C\u00f3mo usar nuestro ung\u00fcento de CBD para aliviar el dolor<\/h3>\n<p>Para obtener mejores resultados, masajee una peque\u00f1a cantidad de ung\u00fcento sobre la zona afectada hasta su completa absorci\u00f3n. \u00daselo seg\u00fan sea necesario para:<\/p>\n<p>\u2714 Alivia los m\u00fasculos doloridos despu\u00e9s del ejercicio<\/p>\n<p>\u2714 Hidrata y cuida la piel seca y \u00e1spera.<\/p>\n<p>\u2714 Proporciona comodidad a las articulaciones cansadas<\/p>\n<p>\u2714 Fomenta la relajaci\u00f3n y la sensaci\u00f3n de bienestar.<\/p>\n<h3>Probado en laboratorio para garantizar su pureza y potencia<\/h3>\n<p>En <strong><a href=\"https:\/\/blissfulvibz.com\/es\/\">Vibz feliz y pleno<\/a><\/strong>Priorizamos la calidad y la transparencia. Cada lote de nuestro b\u00e1lsamo de CBD se somete a rigurosas pruebas externas, lo que garantiza que est\u00e9 libre de pesticidas, metales pesados y aditivos nocivos. Consulta el c\u00f3digo QR del envase para obtener los informes de laboratorio completos.<\/p>\n<h3>Mejora tu rutina diaria de bienestar<\/h3>\n<p>Ya seas deportista, lleves un estilo de vida activo o simplemente busques alivio natural, nuestro b\u00e1lsamo de CBD es el complemento perfecto para tu rutina de cuidado personal. \u00a1Experimenta comodidad, alivio y nutrici\u00f3n con cada uso! \u00a1Prueba hoy mismo el b\u00e1lsamo de CBD BlissFulVibz de 500 mg y siente la diferencia!<\/p>","protected":false},"excerpt":{"rendered":"<p>El b\u00e1lsamo de CBD BlissFulVibz de 500 mg ofrece una lujosa mezcla de CBD de amplio espectro, cera de abeja org\u00e1nica y aceites esenciales arom\u00e1ticos para brindar alivio localizado y nutrici\u00f3n profunda de la piel. Especialmente formulado para hidratar la piel seca, aliviar la tensi\u00f3n muscular y favorecer el bienestar articular, este b\u00e1lsamo premium proporciona un bienestar localizado de acci\u00f3n r\u00e1pida en el que puede confiar. Fabricado en EE. UU. y rigurosamente probado por terceros, combina ingredientes limpios y de alta calidad para una experiencia relajante y eficaz.<\/p>","protected":false},"featured_media":22772,"comment_status":"open","ping_status":"closed","template":"","meta":{"_acf_changed":false,"inline_featured_image":false},"product_brand":[],"product_cat":[95],"product_tag":[99],"class_list":{"0":"post-22767","1":"product","2":"type-product","3":"status-publish","4":"has-post-thumbnail","6":"product_cat-soothing-vibz","7":"product_tag-soothing","9":"first","10":"instock","11":"taxable","12":"shipping-taxable","13":"purchasable","14":"product-type-simple"},"acf":[],"_links":{"self":[{"href":"https:\/\/blissfulvibz.com\/es\/wp-json\/wp\/v2\/product\/22767","targetHints":{"allow":["GET"]}}],"collection":[{"href":"https:\/\/blissfulvibz.com\/es\/wp-json\/wp\/v2\/product"}],"about":[{"href":"https:\/\/blissfulvibz.com\/es\/wp-json\/wp\/v2\/types\/product"}],"replies":[{"embeddable":true,"href":"https:\/\/blissfulvibz.com\/es\/wp-json\/wp\/v2\/comments?post=22767"}],"version-history":[{"count":6,"href":"https:\/\/blissfulvibz.com\/es\/wp-json\/wp\/v2\/product\/22767\/revisions"}],"predecessor-version":[{"id":24097,"href":"https:\/\/blissfulvibz.com\/es\/wp-json\/wp\/v2\/product\/22767\/revisions\/24097"}],"wp:featuredmedia":[{"embeddable":true,"href":"https:\/\/blissfulvibz.com\/es\/wp-json\/wp\/v2\/media\/22772"}],"wp:attachment":[{"href":"https:\/\/blissfulvibz.com\/es\/wp-json\/wp\/v2\/media?parent=22767"}],"wp:term":[{"taxonomy":"product_brand","embeddable":true,"href":"https:\/\/blissfulvibz.com\/es\/wp-json\/wp\/v2\/product_brand?post=22767"},{"taxonomy":"product_cat","embeddable":true,"href":"https:\/\/blissfulvibz.com\/es\/wp-json\/wp\/v2\/product_cat?post=22767"},{"taxonomy":"product_tag","embeddable":true,"href":"https:\/\/blissfulvibz.com\/es\/wp-json\/wp\/v2\/product_tag?post=22767"}],"curies":[{"name":"wp","href":"https:\/\/api.w.org\/{rel}","templated":true}]}}