{"id":22761,"date":"2024-12-07T10:53:03","date_gmt":"2024-12-07T10:53:03","guid":{"rendered":"https:\/\/blissfulvibz.com\/?post_type=product&#038;p=22761"},"modified":"2025-04-15T16:07:36","modified_gmt":"2025-04-15T16:07:36","slug":"crema-deportiva-de-cbd-de-1000-mg-con-mentol","status":"publish","type":"product","link":"https:\/\/blissfulvibz.com\/es\/product\/crema-deportiva-de-cbd-de-1000-mg-con-mentol\/","title":{"rendered":"Crema deportiva con CBD de 1000 mg y mentol"},"content":{"rendered":"<h4><strong>Alivie los m\u00fasculos adoloridos y la tensi\u00f3n con la crema deportiva con CBD y mentol BlissFulVibz<\/strong><\/h4>\n<p>La crema deportiva BlissFulVibz CBD con mentol de amplio espectro es el complemento perfecto para un estilo de vida activo. Enriquecida con 1000 mg de... <a href=\"https:\/\/www.medicalnewstoday.com\/articles\/317221\" target=\"_blank\" rel=\"noopener\">CDB<\/a>, 0,0% THC, mentol refrescante y alcanfor relajante, este recipiente con bomba de 4 oz es perfecto para entrenamientos, aventuras al aire libre o largos d\u00edas de pie.<\/p>\n<p><strong>\u00bfPor qu\u00e9 elegir la crema deportiva CBD BlissFulVibz con mentol?<\/strong><\/p>\n<ul>\n<li><strong>Alivio de acci\u00f3n r\u00e1pida<\/strong>:Apunte r\u00e1pidamente a los m\u00fasculos y articulaciones doloridos para reducir el malestar y favorecer la recuperaci\u00f3n.<\/li>\n<li><strong>Uso vers\u00e1til<\/strong>:Ideal para la preparaci\u00f3n previa a la actividad, el apoyo durante la actividad o la recuperaci\u00f3n posterior a la actividad, ayud\u00e1ndole a mantenerse en su mejor nivel.<\/li>\n<li><strong>Refrescante y calmante<\/strong>:El mentol y el alcanfor proporcionan una sensaci\u00f3n refrescante y calmante para aliviar la tensi\u00f3n y promover la relajaci\u00f3n.<\/li>\n<\/ul>\n<p>Ya sea que est\u00e9 yendo al gimnasio, haciendo jardiner\u00eda o recuper\u00e1ndose de su rutina diaria, esta crema deportiva est\u00e1 dise\u00f1ada para permitirle moverse con confianza.<\/p>\n<p><strong>F\u00e1cil de usar<\/strong><br \/>\nAplicar directamente en las zonas doloridas o tensas seg\u00fan sea necesario. Masajear sobre la piel para una r\u00e1pida absorci\u00f3n y un alivio localizado.<\/p>\n<p>En <strong><a href=\"https:\/\/blissfulvibz.com\/es\/\">Vibz feliz y pleno<\/a><\/strong>Nos comprometemos con su satisfacci\u00f3n. Si no est\u00e1 completamente satisfecho, le ofrecemos una garant\u00eda de 30 d\u00edas para su tranquilidad.<\/p>","protected":false},"excerpt":{"rendered":"<p>La crema deportiva con CBD BlissFulVibz brinda alivio de acci\u00f3n r\u00e1pida con 1000 mg de CBD, mentol refrescante y alcanfor calmante. Adaptada para estilos de vida activos, se enfoca en m\u00fasculos y articulaciones doloridos, lo que favorece la recuperaci\u00f3n y te mantiene en tu mejor forma. Ideal para usar antes o despu\u00e9s de cualquier actividad.<\/p>","protected":false},"featured_media":22769,"comment_status":"open","ping_status":"closed","template":"","meta":{"_acf_changed":false,"inline_featured_image":false},"product_brand":[],"product_cat":[95],"product_tag":[99],"class_list":{"0":"post-22761","1":"product","2":"type-product","3":"status-publish","4":"has-post-thumbnail","6":"product_cat-soothing-vibz","7":"product_tag-soothing","9":"first","10":"instock","11":"taxable","12":"shipping-taxable","13":"purchasable","14":"product-type-simple"},"acf":[],"_links":{"self":[{"href":"https:\/\/blissfulvibz.com\/es\/wp-json\/wp\/v2\/product\/22761","targetHints":{"allow":["GET"]}}],"collection":[{"href":"https:\/\/blissfulvibz.com\/es\/wp-json\/wp\/v2\/product"}],"about":[{"href":"https:\/\/blissfulvibz.com\/es\/wp-json\/wp\/v2\/types\/product"}],"replies":[{"embeddable":true,"href":"https:\/\/blissfulvibz.com\/es\/wp-json\/wp\/v2\/comments?post=22761"}],"version-history":[{"count":7,"href":"https:\/\/blissfulvibz.com\/es\/wp-json\/wp\/v2\/product\/22761\/revisions"}],"predecessor-version":[{"id":24098,"href":"https:\/\/blissfulvibz.com\/es\/wp-json\/wp\/v2\/product\/22761\/revisions\/24098"}],"wp:featuredmedia":[{"embeddable":true,"href":"https:\/\/blissfulvibz.com\/es\/wp-json\/wp\/v2\/media\/22769"}],"wp:attachment":[{"href":"https:\/\/blissfulvibz.com\/es\/wp-json\/wp\/v2\/media?parent=22761"}],"wp:term":[{"taxonomy":"product_brand","embeddable":true,"href":"https:\/\/blissfulvibz.com\/es\/wp-json\/wp\/v2\/product_brand?post=22761"},{"taxonomy":"product_cat","embeddable":true,"href":"https:\/\/blissfulvibz.com\/es\/wp-json\/wp\/v2\/product_cat?post=22761"},{"taxonomy":"product_tag","embeddable":true,"href":"https:\/\/blissfulvibz.com\/es\/wp-json\/wp\/v2\/product_tag?post=22761"}],"curies":[{"name":"wp","href":"https:\/\/api.w.org\/{rel}","templated":true}]}}