{"id":22610,"date":"2024-12-09T17:11:10","date_gmt":"2024-12-09T17:11:10","guid":{"rendered":"https:\/\/blissfulvibz.com\/?post_type=product&#038;p=22610"},"modified":"2025-04-15T19:34:51","modified_gmt":"2025-04-15T19:34:51","slug":"900-mg-de-cbd-y-75-mg-de-thc-por-botella-de-tintura-citrica","status":"publish","type":"product","link":"https:\/\/blissfulvibz.com\/es\/product\/900-mg-de-cbd-y-75-mg-de-thc-por-botella-de-tintura-citrica\/","title":{"rendered":"900 mg de CBD y 75 mg de THC por botella Tintura \u2013 C\u00edtricos"},"content":{"rendered":"<h3 class=\"\" data-start=\"403\" data-end=\"469\">Tintura BlissFulVibz 900 mg de CBD y 75 mg de THC por botella \u2013 C\u00edtrico<\/h3>\n<p class=\"\" data-start=\"470\" data-end=\"528\"><strong data-start=\"470\" data-end=\"528\">Tintura c\u00edtrica de espectro completo para calma y claridad diaria<\/strong><\/p>\n<p class=\"\" data-start=\"530\" data-end=\"827\">\u00bfBuscas una forma de relajarte y recargar energ\u00edas a base de plantas? Descubre tu nuevo favorito: la tintura BlissFulVibz de 900 mg de CBD y 75 mg de THC - C\u00edtrica. Esta f\u00f3rmula limpia y vegana est\u00e1 elaborada con esmero, combinando CBD premium y tintura Delta 9 THC en un vibrante sabor c\u00edtrico, dise\u00f1ado para favorecer el equilibrio, la relajaci\u00f3n y la lucidez, todo de forma natural.<\/p>\n<h3 class=\"\" data-start=\"834\" data-end=\"881\">Una tintura equilibrada de espectro completo<\/h3>\n<p class=\"\" data-start=\"883\" data-end=\"1350\">Cada botella contiene 900 mg de CBD y 75 mg de THC, lo que representa 30 mg de CBD y 2,5 mg de THC por porci\u00f3n. Esta tintura de espectro completo, cuidadosamente equilibrada, aprovecha todo el poder de la planta de c\u00e1\u00f1amo (cannabinoides, terpenos y flavonoides) para crear el efecto s\u00e9quito, que puede ayudar a mejorar el bienestar general y brindar una experiencia m\u00e1s completa.<\/p>\n<h3 class=\"\" data-start=\"1357\" data-end=\"1413\">Tintura de CBD para aliviar el estr\u00e9s y el apoyo diario<\/h3>\n<p class=\"\" data-start=\"1415\" data-end=\"1723\">Ya sea que busques relajarte despu\u00e9s de un largo d\u00eda, disfrutar de una noche de descanso o simplemente fomentar una mente m\u00e1s tranquila, esta tintura de CBD para aliviar el estr\u00e9s es tu compa\u00f1era ideal para el d\u00eda a d\u00eda. La combinaci\u00f3n de CBD y THC proporciona una sensaci\u00f3n de calma suave y duradera, perfecta para gestionar el estr\u00e9s diario.<\/p>\n<p class=\"\" data-start=\"1783\" data-end=\"2022\">Infusionada con aceites esenciales de naranja, lim\u00f3n y lima, esta tintura ofrece un intenso sabor c\u00edtrico con un toque de stevia para un final suave y ligeramente dulce. Ya sea que se tome directamente debajo de la lengua para una r\u00e1pida absorci\u00f3n o se a\u00f1ada a su bebida favorita, es una forma deliciosa de disfrutar de su ritual de bienestar.<\/p>\n<h3 class=\"\" data-start=\"2201\" data-end=\"2223\">\u00bfPor qu\u00e9 elegir la tintura de THC c\u00edtrico BlissFulVibz?<\/h3>\n<p class=\"\" data-start=\"1957\" data-end=\"2046\">\u2705 <strong data-start=\"1959\" data-end=\"1977\">Apto para veganos<\/strong> \u2013 Elaborado sin productos animales, utilizando \u00fanicamente ingredientes de origen vegetal.<\/p>\n<p class=\"\" data-start=\"2049\" data-end=\"2123\">\u2705 <strong data-start=\"2051\" data-end=\"2074\">75 mg de THC por botella<\/strong> \u2013 Dosificado cuidadosamente para un apoyo suave y relajante.<\/p>\n<p class=\"\" data-start=\"2126\" data-end=\"2203\">\u2705 <strong data-start=\"2128\" data-end=\"2158\">Tintura de THC + CBD<\/strong> \u2013 Un poderoso d\u00fao para el equilibrio del cuerpo y la mente.<\/p>\n<p class=\"\" data-start=\"2206\" data-end=\"2280\">\u2705 <strong data-start=\"2208\" data-end=\"2234\">Tintura de espectro completo<\/strong> \u2013 Dise\u00f1ado para maximizar el efecto s\u00e9quito<\/p>\n<p class=\"\" data-start=\"2283\" data-end=\"2363\">\u2705 <strong data-start=\"2285\" data-end=\"2319\">Tintura de CBD para aliviar el estr\u00e9s<\/strong> \u2013 Apoya tu calma y claridad de forma natural<\/p>\n<p class=\"\" data-start=\"2366\" data-end=\"2440\">\u2705 <strong data-start=\"2368\" data-end=\"2395\">Delicioso sabor c\u00edtrico<\/strong> \u2013 Brillante y suave con un toque bajo en az\u00facar.<\/p>\n<p class=\"\" data-start=\"2443\" data-end=\"2517\">\u2705 <strong data-start=\"2445\" data-end=\"2463\">Uso flexible<\/strong> \u2013 Tomar por v\u00eda sublingual o mezclar con bebidas con facilidad.<\/p>\n<h3 class=\"\" data-start=\"2676\" data-end=\"2700\">Limpio, probado y conforme<\/h3>\n<p class=\"\" data-start=\"2702\" data-end=\"2949\">\u2714 <strong data-start=\"2560\" data-end=\"2600\">100% C\u00e1\u00f1amo vegano, sin OMG y cultivado en EE. UU.<\/strong><br data-start=\"2600\" data-end=\"2603\" \/>\u2714 <strong data-start=\"2605\" data-end=\"2648\">Probado en laboratorio por terceros independientes<\/strong><br data-start=\"2648\" data-end=\"2651\" \/>\u2714 <strong data-start=\"2653\" data-end=\"2694\">Cumple con la Ley Agr\u00edcola y es legal a nivel federal<\/strong><br data-start=\"2694\" data-end=\"2697\" \/>\u2714 Sin sabores artificiales, conservantes ni ingredientes de origen animal.<\/p>\n<p class=\"\" data-start=\"2702\" data-end=\"2949\"><em>* Consulte las regulaciones locales y estatales con respecto al THC antes de comprar.<\/em><\/p>\n<p>&nbsp;<\/p>\n<p class=\"\" data-start=\"3084\" data-end=\"3335\">Dejar <em><a href=\"https:\/\/blissfulvibz.com\/es\/\">Vibz feliz y pleno<\/a> <\/em>Sea tu opci\u00f3n preferida para encontrar consuelo, calma y claridad. Ya sea para relajarte por la noche o para concentrarte antes de un nuevo d\u00eda, esta tintura de CBD y THC ofrece una forma sabrosa, efectiva y consciente de cuidar tu bienestar.<\/p>","protected":false},"excerpt":{"rendered":"<p>BlissFulVibz 900mg CBD 75mg THC per Bottle Tincture \u2013 Citrus Full-Spectrum Citrus Tincture for Daily Calm &amp; Clarity Looking for a plant-powered way to relax and recharge? Say hello to your new go-to: the BlissFulVibz 900mg CBD 75mg THC Tincture \u2013 Citrus. This clean, vegan formula is crafted with care, blending premium CBD and Delta [&hellip;]<\/p>","protected":false},"featured_media":22613,"comment_status":"open","ping_status":"closed","template":"","meta":{"_acf_changed":false,"inline_featured_image":false},"product_brand":[],"product_cat":[76],"product_tag":[94],"class_list":{"0":"post-22610","1":"product","2":"type-product","3":"status-publish","4":"has-post-thumbnail","6":"product_cat-euphoric-vibz","7":"product_tag-tincture","9":"first","10":"instock","11":"taxable","12":"shipping-taxable","13":"purchasable","14":"product-type-simple"},"acf":[],"_links":{"self":[{"href":"https:\/\/blissfulvibz.com\/es\/wp-json\/wp\/v2\/product\/22610","targetHints":{"allow":["GET"]}}],"collection":[{"href":"https:\/\/blissfulvibz.com\/es\/wp-json\/wp\/v2\/product"}],"about":[{"href":"https:\/\/blissfulvibz.com\/es\/wp-json\/wp\/v2\/types\/product"}],"replies":[{"embeddable":true,"href":"https:\/\/blissfulvibz.com\/es\/wp-json\/wp\/v2\/comments?post=22610"}],"version-history":[{"count":6,"href":"https:\/\/blissfulvibz.com\/es\/wp-json\/wp\/v2\/product\/22610\/revisions"}],"predecessor-version":[{"id":24102,"href":"https:\/\/blissfulvibz.com\/es\/wp-json\/wp\/v2\/product\/22610\/revisions\/24102"}],"wp:featuredmedia":[{"embeddable":true,"href":"https:\/\/blissfulvibz.com\/es\/wp-json\/wp\/v2\/media\/22613"}],"wp:attachment":[{"href":"https:\/\/blissfulvibz.com\/es\/wp-json\/wp\/v2\/media?parent=22610"}],"wp:term":[{"taxonomy":"product_brand","embeddable":true,"href":"https:\/\/blissfulvibz.com\/es\/wp-json\/wp\/v2\/product_brand?post=22610"},{"taxonomy":"product_cat","embeddable":true,"href":"https:\/\/blissfulvibz.com\/es\/wp-json\/wp\/v2\/product_cat?post=22610"},{"taxonomy":"product_tag","embeddable":true,"href":"https:\/\/blissfulvibz.com\/es\/wp-json\/wp\/v2\/product_tag?post=22610"}],"curies":[{"name":"wp","href":"https:\/\/api.w.org\/{rel}","templated":true}]}}