{"id":22296,"date":"2024-11-26T13:19:08","date_gmt":"2024-11-26T13:19:08","guid":{"rendered":"https:\/\/blissfulvibz.com\/?post_type=product&#038;p=22296"},"modified":"2025-04-30T00:10:07","modified_gmt":"2025-04-30T00:10:07","slug":"geles-blandos-de-cbd-de-100-mg-todos-los-dias","status":"publish","type":"product","link":"https:\/\/blissfulvibz.com\/es\/product\/geles-blandos-de-cbd-de-100-mg-todos-los-dias\/","title":{"rendered":"Geles blandos de CBD de 100 mg: para uso diario"},"content":{"rendered":"<h3>Geles blandos de CBD de 100 mg: para uso diario<\/h3>\n<p>Las c\u00e1psulas blandas de CBD BlissFulVibz Premium de 100 mg son la opci\u00f3n perfecta tanto para principiantes como para usuarios experimentados. Ya sea que est\u00e9 explorando el CBD por primera vez o est\u00e9 actualizando su producto a un producto m\u00e1s refinado, estas c\u00e1psulas blandas ofrecen una manera simple y conveniente de apoyar su estilo de vida diario.<\/p>\n<p>Elaborada con cuidado y rigurosamente probada por terceros, nuestra f\u00f3rmula diaria garantiza pureza, potencia y seguridad, ayud\u00e1ndote a adoptar un estilo de vida equilibrado con confianza.<\/p>\n<h4><strong>C\u00e1psulas blandas de amplio espectro sin THC<\/strong><\/h4>\n<p>Elaborados con extracto de c\u00e1\u00f1amo de amplio espectro, nuestros geles blandos retienen fitonutrientes potentes como cannabinoides y terpenos. Esta sinergia mejora la eficacia del producto, lo que le permite disfrutar de todo su potencial sin efectos psicoactivos.<\/p>\n<h4><strong>Tecnolog\u00eda nano CBD para una absorci\u00f3n superior<\/strong><\/h4>\n<p>Mediante el uso de tecnolog\u00eda avanzada de nanoemulsi\u00f3n, descomponemos las part\u00edculas de CBD en tama\u00f1os microsc\u00f3picos para lograr una absorci\u00f3n \u00f3ptima y un apoyo prolongado. Esto garantiza una integraci\u00f3n eficiente en su rutina.<\/p>\n<h4><strong>Mejora tu rutina diaria<\/strong><\/h4>\n<p>El CBD promueve el equilibrio y te ayuda a adaptar tu estilo de vida a tus objetivos personales. Ya sea que est\u00e9s buscando:<\/p>\n<ul>\n<li>Mantente con energ\u00eda<\/li>\n<li>Navegar por los desaf\u00edos diarios<\/li>\n<li>Adopte un estilo de vida armonioso<\/li>\n<\/ul>\n<p>Los geles blandos de CBD BlissFulVibz 100 mg est\u00e1n aqu\u00ed para apoyar tu viaje.<\/p>\n<p><strong>Favorito del cliente<\/strong><\/p>\n<p>\u201cTomar una c\u00e1psula blanda al d\u00eda me ha aportado una sensaci\u00f3n de vitalidad a mis d\u00edas. A mis 78 a\u00f1os, me siento activa y preparada para afrontar los retos de la vida con facilidad\u201d.<\/p>\n<h4><strong>Opciones de resistencia que se adaptan a sus necesidades<\/strong><\/h4>\n<p>Cada frasco contiene 30 c\u00e1psulas blandas, disponibles en tres concentraciones:<\/p>\n<ul>\n<li>10 mg de CBD por raci\u00f3n<\/li>\n<li>25 mg de CBD por raci\u00f3n<\/li>\n<li>100 mg de CBD por raci\u00f3n<\/li>\n<\/ul>\n<p>Mejora tu estilo de vida y mejora tu rutina diaria con <strong><a href=\"https:\/\/blissfulvibz.com\/es\/\">Vibz feliz y pleno<\/a> <\/strong>C\u00e1psulas blandas de CBD de 100 mg de primera calidad. \u00a1Experimente la diferencia hoy!<\/p>","protected":false},"excerpt":{"rendered":"<p>Las c\u00e1psulas blandas de CBD premium de BlissFulVibz ofrecen un apoyo de amplio espectro con 0,01 TP3T de THC y tecnolog\u00eda nano avanzada para una mejor absorci\u00f3n. Elaboradas con ingredientes de primera calidad y probadas minuciosamente en laboratorio, brindan una manera f\u00e1cil y confiable de complementar su estilo de vida diario.<\/p>","protected":false},"featured_media":22607,"comment_status":"open","ping_status":"closed","template":"","meta":{"_acf_changed":false,"inline_featured_image":false},"product_brand":[],"product_cat":[78],"product_tag":[92],"class_list":{"0":"post-22296","1":"product","2":"type-product","3":"status-publish","4":"has-post-thumbnail","6":"product_cat-mello-vibz","7":"product_tag-softgels","9":"first","10":"instock","11":"taxable","12":"shipping-taxable","13":"purchasable","14":"product-type-simple"},"acf":[],"_links":{"self":[{"href":"https:\/\/blissfulvibz.com\/es\/wp-json\/wp\/v2\/product\/22296","targetHints":{"allow":["GET"]}}],"collection":[{"href":"https:\/\/blissfulvibz.com\/es\/wp-json\/wp\/v2\/product"}],"about":[{"href":"https:\/\/blissfulvibz.com\/es\/wp-json\/wp\/v2\/types\/product"}],"replies":[{"embeddable":true,"href":"https:\/\/blissfulvibz.com\/es\/wp-json\/wp\/v2\/comments?post=22296"}],"version-history":[{"count":4,"href":"https:\/\/blissfulvibz.com\/es\/wp-json\/wp\/v2\/product\/22296\/revisions"}],"predecessor-version":[{"id":24105,"href":"https:\/\/blissfulvibz.com\/es\/wp-json\/wp\/v2\/product\/22296\/revisions\/24105"}],"wp:featuredmedia":[{"embeddable":true,"href":"https:\/\/blissfulvibz.com\/es\/wp-json\/wp\/v2\/media\/22607"}],"wp:attachment":[{"href":"https:\/\/blissfulvibz.com\/es\/wp-json\/wp\/v2\/media?parent=22296"}],"wp:term":[{"taxonomy":"product_brand","embeddable":true,"href":"https:\/\/blissfulvibz.com\/es\/wp-json\/wp\/v2\/product_brand?post=22296"},{"taxonomy":"product_cat","embeddable":true,"href":"https:\/\/blissfulvibz.com\/es\/wp-json\/wp\/v2\/product_cat?post=22296"},{"taxonomy":"product_tag","embeddable":true,"href":"https:\/\/blissfulvibz.com\/es\/wp-json\/wp\/v2\/product_tag?post=22296"}],"curies":[{"name":"wp","href":"https:\/\/api.w.org\/{rel}","templated":true}]}}