{"id":22292,"date":"2024-11-26T13:16:02","date_gmt":"2024-11-26T13:16:02","guid":{"rendered":"https:\/\/blissfulvibz.com\/?post_type=product&#038;p=22292"},"modified":"2025-04-14T20:09:12","modified_gmt":"2025-04-14T20:09:12","slug":"gomitas-de-cereza-y-lima-con-25-mg-de-cbd-y-5-mg-de-thc","status":"publish","type":"product","link":"https:\/\/blissfulvibz.com\/es\/product\/gomitas-de-cereza-y-lima-con-25-mg-de-cbd-y-5-mg-de-thc\/","title":{"rendered":"Gomitas de 25 mg de CBD y 5 mg de THC: sabor a cereza y lima"},"content":{"rendered":"<p>\u00bfQui\u00e9n dice que las gomitas de 5 mg de THC no pueden tener un sabor incre\u00edble? <strong><a href=\"https:\/\/blissfulvibz.com\/es\/\">Vibz feliz y pleno<\/a><\/strong>Hemos creado una forma deliciosa y eficaz de disfrutar del CBD + THC con nuestras gomitas CBD + THC 5:1 (cereza y lima). Perfectamente equilibradas para adaptarse a tu estilo de vida, estas gomitas ofrecen una experiencia suave y estimulante en un delicioso y \u00e1cido bocadillo.<\/p>\n<h3><strong>\u00bfQu\u00e9 hace que estas gomitas sean especiales?<\/strong><\/h3>\n<p>Elaboradas con precisi\u00f3n, nuestras gomitas de 5 mg de THC contienen una mezcla premium de cannabinoides y menos de 0,31 TP3T de THC, lo que garantiza un efecto completo y equilibrado.<\/p>\n<p><strong>Cada gomita contiene:<\/strong><\/p>\n<ul>\n<li><strong>25 mg de CBD<\/strong> Para la relajaci\u00f3n y el equilibrio<\/li>\n<li><strong>5 mg de THC<\/strong> para una elevaci\u00f3n suave y placentera.<\/li>\n<li>Una refrescante mezcla de cereza y lima que equilibra perfectamente las notas dulces y \u00e1cidas, sin el regusto amargo del c\u00e1\u00f1amo.<\/li>\n<\/ul>\n<h3><strong>Ingredientes puros y limpios en los que puede confiar<\/strong><\/h3>\n<ul>\n<li><strong>Apto para veganos: <\/strong>Sin gelatina de origen animal.<\/li>\n<li><strong>Sin jarabe de ma\u00edz: <\/strong>Una alternativa mejor para usted.<\/li>\n<li><strong>Sin gluten: <\/strong>Ideal para restricciones diet\u00e9ticas.<\/li>\n<li><strong>Nada artificial: <\/strong>Sin sabores ni edulcorantes sint\u00e9ticos.<\/li>\n<\/ul>\n<p>Dise\u00f1adas con la calidad en mente, estas gomitas de 5 mg de THC ofrecen una opci\u00f3n m\u00e1s limpia y sabrosa para quienes buscan comestibles premium de CBD + THC.<\/p>\n<p>Cada lote es sometido a pruebas rigurosas de terceros por parte de laboratorios acreditados por la ISO para garantizar la pureza, la potencia y la seguridad. Escanee el c\u00f3digo QR en cada paquete para verificar los resultados del laboratorio y disfrute de sus gomitas con total confianza.<\/p>\n<h3><strong>C\u00f3mo disfrutar de las gomitas BlissFulVibz de 5 mg de THC<\/strong><\/h3>\n<p>Para los principiantes, recomendamos comenzar con una gomita y esperar al menos dos horas antes de ajustar la dosis. Estas gomitas son excelentes tanto para usuarios experimentados como para aquellos que reci\u00e9n comienzan a consumir THC.<\/p>\n<p>Experimente la armon\u00eda perfecta de las gomitas de 25 mg de CBD y 5 mg de THC con sabores cereza y lima con una f\u00f3rmula suave, deliciosa y efectiva dise\u00f1ada para ayudarlo a relajarse, recargar energ\u00edas y disfrutar de la vida al m\u00e1ximo.<\/p>","protected":false},"excerpt":{"rendered":"<p>Las gomitas de cereza y lima BlissFulVibz 5:1 CBD + Delta-9 combinan 25 mg de CBD y 5 mg de THC en una f\u00f3rmula cuidadosamente elaborada. Con un sabor natural a cereza y lima e ingredientes limpios y aptos para veganos, estas gomitas se prueban rigurosamente en laboratorio para garantizar su pureza y calidad, y ofrecen una incorporaci\u00f3n armoniosa a su rutina diaria.<\/p>","protected":false},"featured_media":22603,"comment_status":"open","ping_status":"closed","template":"","meta":{"_acf_changed":false,"inline_featured_image":false},"product_brand":[],"product_cat":[76],"product_tag":[93],"class_list":{"0":"post-22292","1":"product","2":"type-product","3":"status-publish","4":"has-post-thumbnail","6":"product_cat-euphoric-vibz","7":"product_tag-gummies","9":"first","10":"instock","11":"taxable","12":"shipping-taxable","13":"purchasable","14":"product-type-simple"},"acf":[],"_links":{"self":[{"href":"https:\/\/blissfulvibz.com\/es\/wp-json\/wp\/v2\/product\/22292","targetHints":{"allow":["GET"]}}],"collection":[{"href":"https:\/\/blissfulvibz.com\/es\/wp-json\/wp\/v2\/product"}],"about":[{"href":"https:\/\/blissfulvibz.com\/es\/wp-json\/wp\/v2\/types\/product"}],"replies":[{"embeddable":true,"href":"https:\/\/blissfulvibz.com\/es\/wp-json\/wp\/v2\/comments?post=22292"}],"version-history":[{"count":5,"href":"https:\/\/blissfulvibz.com\/es\/wp-json\/wp\/v2\/product\/22292\/revisions"}],"predecessor-version":[{"id":24092,"href":"https:\/\/blissfulvibz.com\/es\/wp-json\/wp\/v2\/product\/22292\/revisions\/24092"}],"wp:featuredmedia":[{"embeddable":true,"href":"https:\/\/blissfulvibz.com\/es\/wp-json\/wp\/v2\/media\/22603"}],"wp:attachment":[{"href":"https:\/\/blissfulvibz.com\/es\/wp-json\/wp\/v2\/media?parent=22292"}],"wp:term":[{"taxonomy":"product_brand","embeddable":true,"href":"https:\/\/blissfulvibz.com\/es\/wp-json\/wp\/v2\/product_brand?post=22292"},{"taxonomy":"product_cat","embeddable":true,"href":"https:\/\/blissfulvibz.com\/es\/wp-json\/wp\/v2\/product_cat?post=22292"},{"taxonomy":"product_tag","embeddable":true,"href":"https:\/\/blissfulvibz.com\/es\/wp-json\/wp\/v2\/product_tag?post=22292"}],"curies":[{"name":"wp","href":"https:\/\/api.w.org\/{rel}","templated":true}]}}