{"id":22288,"date":"2024-12-09T17:11:13","date_gmt":"2024-12-09T17:11:13","guid":{"rendered":"https:\/\/blissfulvibz.com\/?post_type=product&#038;p=22288"},"modified":"2025-04-15T18:45:06","modified_gmt":"2025-04-15T18:45:06","slug":"gomitas-para-dormir-de-1-mg-de-thc-y-30-mg-de-cbd-con-melatonina","status":"publish","type":"product","link":"https:\/\/blissfulvibz.com\/es\/product\/gomitas-para-dormir-de-1-mg-de-thc-y-30-mg-de-cbd-con-melatonina\/","title":{"rendered":"Gomitas para dormir con CBD de 30 mg (melatonina) \u2013 Bayas mixtas (1 mg de THC)"},"content":{"rendered":"<h4>Gomitas para dormir con CBD de 30 mg (melatonina) \u2013 Bayas mixtas (1 mg de THC)<\/h4>\n<p>Las gomitas para dormir BlissFulVibz con frutos rojos y 3 mg de melatonina + 30 mg de CBD + 1 mg de THC est\u00e1n cuidadosamente elaboradas para favorecer una noche tranquila y reparadora, ayud\u00e1ndote a despertarte sinti\u00e9ndote renovado y listo para afrontar el d\u00eda.<\/p>\n<p>Cada gomita contiene una cantidad cuidadosamente medida de 1 mg de THC, combinada con 30 mg de CBD y 3 mg de CBN, para brindar una sensaci\u00f3n de bienestar sin intoxicaci\u00f3n. Dise\u00f1adas para complementar tu ritmo natural, estas gomitas son un complemento equilibrado para tu rutina nocturna.<\/p>\n<p><strong>CBD + Melatonina: Una combinaci\u00f3n bien pensada<\/strong><br \/>\nGomitas para dormir BlissFulVibz + <a href=\"https:\/\/www.healthline.com\/health\/sleep\/melatonin-vs-cbd#effects-on-sleep\" target=\"_blank\" rel=\"noopener\">melatonina<\/a> Combina los beneficios del CBD y los terpenos con 3 mg de melatonina. Esta mezcla est\u00e1 dise\u00f1ada para adaptarse a tu estilo de vida y te ofrece una forma suave de relajarte.<\/p>\n<p><strong>Sabor natural a frutos del bosque<\/strong><br \/>\nInfundidas con sabores brillantes y \u00e1cidos de bayas a partir de ingredientes naturales, estas gomitas de CBD de 30 mg son veganas, sin gluten y sin jarabe de ma\u00edz, lo que las convierte en una excelente opci\u00f3n para dietas basadas en plantas o para aquellos con sensibilidades diet\u00e9ticas.<\/p>\n<p><strong>Ingredientes puros y seguros<\/strong><br \/>\nNuestro CBD proviene de c\u00e1\u00f1amo 100% cultivado en EE. UU. y no modificado gen\u00e9ticamente, lo que garantiza un producto de alta calidad libre de aditivos sint\u00e9ticos o contaminantes. Cada lote es probado rigurosamente por laboratorios acreditados por la ISO y cada botella incluye un c\u00f3digo QR para acceder f\u00e1cilmente a los informes de laboratorio.<\/p>\n<h4><strong>\u00bfPor qu\u00e9 elegir las gomitas para dormir con CBD BlissFulVibz?<\/strong><\/h4>\n<ul>\n<li><strong>Soporte equilibrado:<\/strong> Elaborado con 30 mg de CBD, 3 mg de CBN, 1 mg de THC y 3 mg de melatonina para promover la relajaci\u00f3n.<\/li>\n<li><strong>Ingredientes naturales:<\/strong> Apto para veganos, sin gluten, sin jarabe de ma\u00edz ni sabores artificiales.<\/li>\n<li><strong>Pruebas rigurosas:<\/strong> Verificado por laboratorios externos por su pureza, potencia y seguridad.<\/li>\n<li><strong>Sabor delicioso:<\/strong> Su brillante sabor a frutos del bosque los convierte en una agradable adici\u00f3n a su rutina nocturna.<\/li>\n<\/ul>\n<p>Mejora tu rutina nocturna con <a href=\"https:\/\/blissfulvibz.com\/es\/product-category\/vibraciones-de-ensueno\/\"><strong>Gomitas para dormir BlissFulVibz <\/strong><\/a> y descubre c\u00f3mo un enfoque reflexivo de las noches puede transformar tu d\u00eda.<\/p>","protected":false},"excerpt":{"rendered":"<p><strong>Gomitas para dormir con CBD BlissFulVibz<\/strong> Combina CBD, 3 mg de melatonina y terpenos naturales en una f\u00f3rmula cuidadosamente elaborada para complementar tu rutina nocturna. Con un intenso sabor a frutos del bosque, ingredientes veganos y sin gluten, y rigurosas pruebas de terceros para comprobar su calidad y pureza, estas gomitas ofrecen una forma sencilla y natural de relajarse.<\/p>","protected":false},"featured_media":22601,"comment_status":"open","ping_status":"closed","template":"","meta":{"_acf_changed":false,"inline_featured_image":false},"product_brand":[],"product_cat":[77],"product_tag":[93],"class_list":{"0":"post-22288","1":"product","2":"type-product","3":"status-publish","4":"has-post-thumbnail","6":"product_cat-dreamy-vibz","7":"product_tag-gummies","9":"first","10":"instock","11":"taxable","12":"shipping-taxable","13":"purchasable","14":"product-type-simple"},"acf":[],"_links":{"self":[{"href":"https:\/\/blissfulvibz.com\/es\/wp-json\/wp\/v2\/product\/22288","targetHints":{"allow":["GET"]}}],"collection":[{"href":"https:\/\/blissfulvibz.com\/es\/wp-json\/wp\/v2\/product"}],"about":[{"href":"https:\/\/blissfulvibz.com\/es\/wp-json\/wp\/v2\/types\/product"}],"replies":[{"embeddable":true,"href":"https:\/\/blissfulvibz.com\/es\/wp-json\/wp\/v2\/comments?post=22288"}],"version-history":[{"count":8,"href":"https:\/\/blissfulvibz.com\/es\/wp-json\/wp\/v2\/product\/22288\/revisions"}],"predecessor-version":[{"id":24101,"href":"https:\/\/blissfulvibz.com\/es\/wp-json\/wp\/v2\/product\/22288\/revisions\/24101"}],"wp:featuredmedia":[{"embeddable":true,"href":"https:\/\/blissfulvibz.com\/es\/wp-json\/wp\/v2\/media\/22601"}],"wp:attachment":[{"href":"https:\/\/blissfulvibz.com\/es\/wp-json\/wp\/v2\/media?parent=22288"}],"wp:term":[{"taxonomy":"product_brand","embeddable":true,"href":"https:\/\/blissfulvibz.com\/es\/wp-json\/wp\/v2\/product_brand?post=22288"},{"taxonomy":"product_cat","embeddable":true,"href":"https:\/\/blissfulvibz.com\/es\/wp-json\/wp\/v2\/product_cat?post=22288"},{"taxonomy":"product_tag","embeddable":true,"href":"https:\/\/blissfulvibz.com\/es\/wp-json\/wp\/v2\/product_tag?post=22288"}],"curies":[{"name":"wp","href":"https:\/\/api.w.org\/{rel}","templated":true}]}}