{"id":22283,"date":"2024-11-26T13:12:01","date_gmt":"2024-11-26T13:12:01","guid":{"rendered":"https:\/\/blissfulvibz.com\/?post_type=product&#038;p=22283"},"modified":"2025-04-15T20:57:13","modified_gmt":"2025-04-15T20:57:13","slug":"geles-blandos-de-50-mg-25-mg-de-cbd-25-mg-de-cbg-todos-los-dias","status":"publish","type":"product","link":"https:\/\/blissfulvibz.com\/es\/product\/geles-blandos-de-50-mg-25-mg-de-cbd-25-mg-de-cbg-todos-los-dias\/","title":{"rendered":"C\u00e1psulas blandas de 50 mg \u2013 25 mg de CBD\/25 mg de CBG todos los d\u00edas"},"content":{"rendered":"<h3>C\u00e1psulas blandas de 50 mg: con 25 mg de CBD y 25 mg de CBG combinados<\/h3>\n<p>Las c\u00e1psulas blandas BlissFulVibz de 50 mg combinan lo mejor de la naturaleza y la ciencia en una c\u00e1psula f\u00e1cil de tomar. Cada c\u00e1psula blanda aporta 25 mg de CBD de amplio espectro y 25 mg de CBG, dos potentes cannabinoides que trabajan juntos para promover un estilo de vida equilibrado de forma natural.<\/p>\n<h3><strong>\u00bfPor qu\u00e9 elegir CBG + CBD?<\/strong><\/h3>\n<p class=\"\" data-start=\"695\" data-end=\"1007\">El CBD (cannabidiol) es conocido por sus efectos calmantes y su capacidad para ayudar a controlar el estr\u00e9s diario, lo que lo convierte en una opci\u00f3n ideal para quienes buscan mayor tranquilidad y concentraci\u00f3n. <a href=\"https:\/\/www.medicalnewstoday.com\/articles\/cgb-vs-cbd?c=88972283977#psychoactive\" target=\"_blank\" rel=\"noopener\">CBG<\/a> (cannabigerol), a menudo llamado la \u201cmadre de todos los cannabinoides\u201d, complementa al CBD con beneficios que pueden favorecer el estado de \u00e1nimo, la claridad y el apoyo digestivo.<\/p>\n<p class=\"\" data-start=\"1009\" data-end=\"1205\">Juntos, crean una poderosa sinergia que mejora los efectos de cada compuesto, lo que hace que estas c\u00e1psulas blandas sean ideales para quienes desean c\u00e1psulas blandas de CBG para lograr equilibrio y un enfoque hol\u00edstico del bienestar.<\/p>\n<h3 class=\"\" data-start=\"1212\" data-end=\"1276\">Tecnolog\u00eda avanzada de nanoemulsi\u00f3n para obtener resultados r\u00e1pidos y efectivos<\/h3>\n<p class=\"\" data-start=\"1278\" data-end=\"1376\">A diferencia de las c\u00e1psulas tradicionales, estas c\u00e1psulas blandas de CBD de amplio espectro BlissFulVibz est\u00e1n elaboradas con tecnolog\u00eda de nanoemulsi\u00f3n que:<\/p>\n<ul data-start=\"1378\" data-end=\"1573\">\n<li class=\"\" data-start=\"1378\" data-end=\"1426\">\n<p class=\"\" data-start=\"1380\" data-end=\"1426\"><strong data-start=\"1380\" data-end=\"1404\">Acelera la absorci\u00f3n<\/strong> Para efectos m\u00e1s r\u00e1pidos.<\/p>\n<\/li>\n<li class=\"\" data-start=\"1427\" data-end=\"1506\">\n<p class=\"\" data-start=\"1429\" data-end=\"1506\"><strong data-start=\"1429\" data-end=\"1457\">Mejora la biodisponibilidad<\/strong>, ayudando a su cuerpo a aprovechar al m\u00e1ximo cada dosis.<\/p>\n<\/li>\n<li class=\"\" data-start=\"1507\" data-end=\"1573\">\n<p class=\"\" data-start=\"1509\" data-end=\"1573\"><strong data-start=\"1509\" data-end=\"1554\">Proporciona un soporte consistente y duradero.<\/strong> en cada c\u00e1psula.<\/p>\n<\/li>\n<\/ul>\n<p class=\"\" data-start=\"1575\" data-end=\"1676\">Perfecto para personas que desean c\u00e1psulas blandas de CBD para apoyo diario sin esperar horas para sentir resultados.<\/p>\n<h3 class=\"\" data-start=\"1584\" data-end=\"1636\">CBD de amplio espectro, libre de CBG y THC<\/h3>\n<p class=\"\" data-start=\"1638\" data-end=\"1918\">Formuladas con CBD de amplio espectro, estas c\u00e1psulas blandas ofrecen un rico perfil de compuestos beneficiosos del c\u00e1\u00f1amo, con 0.01 TP3T de THC. Esto significa que puedes disfrutar del &quot;efecto s\u00e9quito&quot;, donde m\u00faltiples cannabinoides trabajan juntos para promover el bienestar, sin efectos psicoactivos, solo c\u00e1psulas blandas de CBG para un equilibrio \u00f3ptimo.<\/p>\n<h3 class=\"\" data-start=\"1993\" data-end=\"2034\">Limpio, conveniente y apto para veganos.<\/h3>\n<p class=\"\" data-start=\"2038\" data-end=\"2102\">\u2705 50 mg de cannabinoides totales por c\u00e1psula (25 mg de CBD + 25 mg de CBG)<\/p>\n<p class=\"\" data-start=\"2105\" data-end=\"2140\">\u2705 Sin OGM y sin gluten<\/p>\n<p class=\"\" data-start=\"2143\" data-end=\"2180\">\u2705 Probado en laboratorio para garantizar su pureza y potencia.<\/p>\n<p class=\"\" data-start=\"2183\" data-end=\"2229\">\u2705 Apto para viajes y f\u00e1cil de llevar de viaje.<\/p>\n<p class=\"\" data-start=\"2231\" data-end=\"2365\">Agregue estas c\u00e1psulas blandas a su rutina matutina, a su recuperaci\u00f3n despu\u00e9s del entrenamiento o a su relajaci\u00f3n vespertina para obtener un apoyo confiable a base de plantas todos los d\u00edas.<\/p>\n<h3 class=\"\" data-start=\"2372\" data-end=\"2386\">C\u00f3mo utilizar<\/h3>\n<p class=\"\" data-start=\"2388\" data-end=\"2623\">Toma una c\u00e1psula de CBG + CBD al d\u00eda. No son intoxicantes ni producen euforia. Ya sea que tengas un d\u00eda ajetreado, te mantengas concentrado y con energ\u00eda, o encuentres tiempo para relajarte, las c\u00e1psulas BlissFulVibz te ayudan a mantenerte centrado y tranquilo.<\/p>\n<h3 class=\"\" data-start=\"2590\" data-end=\"2623\">Mejora tu rutina de bienestar con BlissFulVibz<\/h3>\n<p class=\"\" data-start=\"2625\" data-end=\"2850\">Las c\u00e1psulas blandas de CBG BlissFulVibz para el equilibrio combinan ingredientes naturales con tecnolog\u00eda de nanoemulsi\u00f3n de vanguardia. Elaboradas para uso diario y pensando en tu bienestar, estas c\u00e1psulas blandas de 50 mg te ofrecen una manera sencilla de lograr m\u00e1s armon\u00eda en tu vida, todos los d\u00edas.<\/p>","protected":false},"excerpt":{"rendered":"<p><strong>C\u00e1psulas blandas nano BlissFulVibz<\/strong> Proporciona 25 mg de CBD y 25 mg de CBG por c\u00e1psula, lo que ofrece una combinaci\u00f3n cuidadosamente elaborada para complementar su rutina diaria. Mejoradas con tecnolog\u00eda avanzada de nanoemulsi\u00f3n para una absorci\u00f3n y biodisponibilidad optimizadas, estas c\u00e1psulas blandas rigurosamente probadas son un complemento conveniente y confiable para su estilo de vida.<\/p>","protected":false},"featured_media":22639,"comment_status":"open","ping_status":"closed","template":"","meta":{"_acf_changed":false,"inline_featured_image":false},"product_brand":[],"product_cat":[78],"product_tag":[92],"class_list":{"0":"post-22283","1":"product","2":"type-product","3":"status-publish","4":"has-post-thumbnail","6":"product_cat-mello-vibz","7":"product_tag-softgels","9":"first","10":"instock","11":"taxable","12":"shipping-taxable","13":"purchasable","14":"product-type-simple"},"acf":[],"_links":{"self":[{"href":"https:\/\/blissfulvibz.com\/es\/wp-json\/wp\/v2\/product\/22283","targetHints":{"allow":["GET"]}}],"collection":[{"href":"https:\/\/blissfulvibz.com\/es\/wp-json\/wp\/v2\/product"}],"about":[{"href":"https:\/\/blissfulvibz.com\/es\/wp-json\/wp\/v2\/types\/product"}],"replies":[{"embeddable":true,"href":"https:\/\/blissfulvibz.com\/es\/wp-json\/wp\/v2\/comments?post=22283"}],"version-history":[{"count":6,"href":"https:\/\/blissfulvibz.com\/es\/wp-json\/wp\/v2\/product\/22283\/revisions"}],"predecessor-version":[{"id":24106,"href":"https:\/\/blissfulvibz.com\/es\/wp-json\/wp\/v2\/product\/22283\/revisions\/24106"}],"wp:featuredmedia":[{"embeddable":true,"href":"https:\/\/blissfulvibz.com\/es\/wp-json\/wp\/v2\/media\/22639"}],"wp:attachment":[{"href":"https:\/\/blissfulvibz.com\/es\/wp-json\/wp\/v2\/media?parent=22283"}],"wp:term":[{"taxonomy":"product_brand","embeddable":true,"href":"https:\/\/blissfulvibz.com\/es\/wp-json\/wp\/v2\/product_brand?post=22283"},{"taxonomy":"product_cat","embeddable":true,"href":"https:\/\/blissfulvibz.com\/es\/wp-json\/wp\/v2\/product_cat?post=22283"},{"taxonomy":"product_tag","embeddable":true,"href":"https:\/\/blissfulvibz.com\/es\/wp-json\/wp\/v2\/product_tag?post=22283"}],"curies":[{"name":"wp","href":"https:\/\/api.w.org\/{rel}","templated":true}]}}