{"id":22279,"date":"2024-11-26T13:11:15","date_gmt":"2024-11-26T13:11:15","guid":{"rendered":"https:\/\/blissfulvibz.com\/?post_type=product&#038;p=22279"},"modified":"2025-04-15T20:41:31","modified_gmt":"2025-04-15T20:41:31","slug":"geles-blandos-de-cbd-de-25-mg-todos-los-dias","status":"publish","type":"product","link":"https:\/\/blissfulvibz.com\/es\/product\/geles-blandos-de-cbd-de-25-mg-todos-los-dias\/","title":{"rendered":"Geles blandos de CBD de 25 mg: para uso diario"},"content":{"rendered":"<h3>Geles blandos de CBD de 25 mg: para uso diario<\/h3>\n<p>\u00a1No busque m\u00e1s! Las c\u00e1psulas blandas de CBD de 25 mg de BlissFulVibz Premium est\u00e1n dise\u00f1adas para complementar su rutina diaria, lo que las convierte en una excelente opci\u00f3n tanto para principiantes como para usuarios experimentados. Ya sea que est\u00e9 explorando el CBD por primera vez o est\u00e9 buscando actualizarse a un producto de alta calidad, estas c\u00e1psulas blandas de CBD de 25 mg ofrecen una manera simple y conveniente de integrar el CBD en su estilo de vida diario.<\/p>\n<p>Desde la semilla de c\u00e1\u00f1amo hasta el producto final, cada lote se elabora con cuidado y se prueba rigurosamente por terceros para garantizar la calidad, la consistencia y la seguridad. Con la f\u00f3rmula diaria de BlissFulVibz, puede abordar su rutina con confianza.<\/p>\n<h4><strong>C\u00e1psulas blandas de amplio espectro Excellence<\/strong><\/h4>\n<p>Nuestra f\u00f3rmula se crea con extracto de c\u00e1\u00f1amo de amplio espectro, que conserva fitonutrientes naturales como terpenos y cannabinoides. Estos componentes funcionan en armon\u00eda, creando una mezcla sin\u00e9rgica que hace que nuestras c\u00e1psulas blandas sean una adici\u00f3n significativa a su rutina.<\/p>\n<h4><strong>0,01 TP3T THC para tranquilidad mental<\/strong><\/h4>\n<p>Las c\u00e1psulas blandas de CBD de 25 mg de BlissFulVibz est\u00e1n elaboradas con CBD de amplio espectro que no contiene THC detectable. Esto garantiza que puedas disfrutar de los beneficios del c\u00e1\u00f1amo sin preocupaciones por los efectos psicoactivos.<\/p>\n<h4><strong>Tecnolog\u00eda nano CBD para una mejor absorci\u00f3n<\/strong><\/h4>\n<p>Gracias a la tecnolog\u00eda avanzada de nanoemulsi\u00f3n, nuestro aceite de CBD es soluble en agua, lo que permite una absorci\u00f3n optimizada y un uso m\u00e1s eficaz. Este proceso innovador garantiza que aproveches al m\u00e1ximo cada porci\u00f3n.<\/p>\n<h4><strong>Pruebas rigurosas de terceros<\/strong><\/h4>\n<p>La transparencia y la confianza son la base de BlissFulVibz. Cada lote se somete a pruebas exhaustivas en laboratorios independientes para confirmar el contenido de cannabinoides y garantizar un producto limpio y de alta calidad.<\/p>\n<h4><strong>Apoya tu estilo de vida todos los d\u00edas<\/strong><\/h4>\n<p>Los geles blandos de CBD BlissFulVibz Premium de 25 mg est\u00e1n dise\u00f1ados para adaptarse perfectamente a sus h\u00e1bitos diarios, ofreciendo una experiencia confiable y consistente adaptada a sus necesidades.<\/p>\n<p>Esto es lo que dijo un cliente:<br \/>\n<em>\u201cA mis 78 a\u00f1os, aprecio lo f\u00e1cil que es incorporar estas c\u00e1psulas blandas a mi rutina. \u00a1Se han convertido en mis favoritas diarias!\u201d<\/em><\/p>\n<p><strong>Opciones de resistencia para cada necesidad<\/strong><br \/>\nCada frasco contiene 30 c\u00e1psulas blandas, disponibles en tres concentraciones convenientes:<\/p>\n<ul>\n<li>10 mg de CBD por raci\u00f3n<\/li>\n<li>25 mg de CBD por raci\u00f3n<\/li>\n<li>100 mg de CBD por raci\u00f3n<\/li>\n<\/ul>\n<p>Mejore su estilo de vida y eleve su rutina diaria con las c\u00e1psulas blandas de CBD premium de BlissFulVibz. \u00a1Descubra la diferencia hoy mismo!<\/p>","protected":false},"excerpt":{"rendered":"<p><strong>C\u00e1psulas blandas de CBD premium BlissFulVibz<\/strong> Proporcionan un extracto de c\u00e1\u00f1amo de amplio espectro con 0,01 TP3T de THC, tecnolog\u00eda de nanoemulsi\u00f3n avanzada para una absorci\u00f3n optimizada y pruebas rigurosas de terceros para garantizar la calidad y la pureza. Disponibles en 10 mg, 25 mg o 100 mg de CBD por porci\u00f3n, est\u00e1n cuidadosamente elaborados para complementar su rutina diaria y apoyar un estilo de vida equilibrado.<\/p>","protected":false},"featured_media":22609,"comment_status":"open","ping_status":"closed","template":"","meta":{"_acf_changed":false,"inline_featured_image":false},"product_brand":[],"product_cat":[78],"product_tag":[92],"class_list":{"0":"post-22279","1":"product","2":"type-product","3":"status-publish","4":"has-post-thumbnail","6":"product_cat-mello-vibz","7":"product_tag-softgels","9":"first","10":"instock","11":"taxable","12":"shipping-taxable","13":"purchasable","14":"product-type-simple"},"acf":[],"_links":{"self":[{"href":"https:\/\/blissfulvibz.com\/es\/wp-json\/wp\/v2\/product\/22279","targetHints":{"allow":["GET"]}}],"collection":[{"href":"https:\/\/blissfulvibz.com\/es\/wp-json\/wp\/v2\/product"}],"about":[{"href":"https:\/\/blissfulvibz.com\/es\/wp-json\/wp\/v2\/types\/product"}],"replies":[{"embeddable":true,"href":"https:\/\/blissfulvibz.com\/es\/wp-json\/wp\/v2\/comments?post=22279"}],"version-history":[{"count":4,"href":"https:\/\/blissfulvibz.com\/es\/wp-json\/wp\/v2\/product\/22279\/revisions"}],"predecessor-version":[{"id":24104,"href":"https:\/\/blissfulvibz.com\/es\/wp-json\/wp\/v2\/product\/22279\/revisions\/24104"}],"wp:featuredmedia":[{"embeddable":true,"href":"https:\/\/blissfulvibz.com\/es\/wp-json\/wp\/v2\/media\/22609"}],"wp:attachment":[{"href":"https:\/\/blissfulvibz.com\/es\/wp-json\/wp\/v2\/media?parent=22279"}],"wp:term":[{"taxonomy":"product_brand","embeddable":true,"href":"https:\/\/blissfulvibz.com\/es\/wp-json\/wp\/v2\/product_brand?post=22279"},{"taxonomy":"product_cat","embeddable":true,"href":"https:\/\/blissfulvibz.com\/es\/wp-json\/wp\/v2\/product_cat?post=22279"},{"taxonomy":"product_tag","embeddable":true,"href":"https:\/\/blissfulvibz.com\/es\/wp-json\/wp\/v2\/product_tag?post=22279"}],"curies":[{"name":"wp","href":"https:\/\/api.w.org\/{rel}","templated":true}]}}