{"id":22277,"date":"2024-12-09T17:11:15","date_gmt":"2024-12-09T17:11:15","guid":{"rendered":"https:\/\/blissfulvibz.com\/?post_type=product&#038;p=22277"},"modified":"2025-04-15T00:32:56","modified_gmt":"2025-04-15T00:32:56","slug":"capsulas-blandas-de-25-mg-con-melatonina-cbn","status":"publish","type":"product","link":"https:\/\/blissfulvibz.com\/es\/product\/capsulas-blandas-de-25-mg-con-melatonina-cbn\/","title":{"rendered":"C\u00e1psulas blandas de CBD de 25 mg (melatonina y CBN)"},"content":{"rendered":"<h3 class=\"\" data-start=\"416\" data-end=\"457\">C\u00e1psulas blandas de CBD de 25 mg (melatonina y CBN)<\/h3>\n<p class=\"\" data-start=\"459\" data-end=\"525\"><strong>Un suplemento natural para dormir que le ayudar\u00e1 a relajarse y a descansar con facilidad.<\/strong><\/p>\n<p class=\"\" data-start=\"527\" data-end=\"846\">\u00bfBuscas relajarte al final del d\u00eda y disfrutar de una noche m\u00e1s tranquila? Las c\u00e1psulas blandas de CBD BlissFulVibz de 25 mg con melatonina y CBN est\u00e1n cuidadosamente dise\u00f1adas para complementar tu rutina nocturna con una mezcla natural sin THC. Estas c\u00e1psulas blandas de CBD para dormir ofrecen una forma suave y a base de plantas de ayudarte a relajarte, sin sentirte aturdido a la ma\u00f1ana siguiente.<\/p>\n<h3 class=\"\" data-start=\"853\" data-end=\"894\">\u00bfQu\u00e9 hay dentro de cada c\u00e1psula blanda de CBD de 25 mg?<\/h3>\n<ul data-start=\"896\" data-end=\"1189\">\n<li class=\"\" data-start=\"896\" data-end=\"989\">\n<p class=\"\" data-start=\"898\" data-end=\"989\"><strong data-start=\"898\" data-end=\"925\">25 mg de CBD de amplio espectro<\/strong> \u2013 Promueve la calma y el equilibrio para ayudar a que el cuerpo descanse.<\/p>\n<\/li>\n<li class=\"\" data-start=\"990\" data-end=\"1085\">\n<p class=\"\" data-start=\"992\" data-end=\"1085\"><strong data-start=\"992\" data-end=\"1012\"><a href=\"https:\/\/www.webmd.com\/es\/pain-management\/diferencia-cbd-cbn\" target=\"_blank\" rel=\"noopener\">Banco Central de Nigeria<\/a> (Cannabinol)<\/strong> \u2013 Un cannabinoide no intoxicante seleccionado por sus propiedades relajantes.<\/p>\n<\/li>\n<li class=\"\" data-start=\"1086\" data-end=\"1189\">\n<p class=\"\" data-start=\"1088\" data-end=\"1189\"><strong data-start=\"1088\" data-end=\"1101\">Melatonina<\/strong> \u2013 Una hormona natural que ayuda a indicarle al cuerpo que es hora de dormir.<\/p>\n<\/li>\n<\/ul>\n<p class=\"\" data-start=\"1191\" data-end=\"1396\">Juntos, estos ingredientes crean una sinergia poderosa: fusionan los efectos calmantes conocidos y trabajan juntos para crear una ayuda para dormir con CBD sin THC, perfecta para usar por la noche cuando est\u00e1s listo para reducir la velocidad y recargar energ\u00edas.<\/p>\n<h3 class=\"\" data-start=\"1403\" data-end=\"1439\">\u00bfPor qu\u00e9 utilizar CBD + Melatonina?<\/h3>\n<p class=\"\" data-start=\"1441\" data-end=\"1797\"><a href=\"https:\/\/www.healthline.com\/health\/sleep\/melatonin-vs-cbd#which-is-better\" target=\"_blank\" rel=\"noopener\">Melatonina<\/a> Es una hormona natural que ayuda a regular el ritmo sue\u00f1o-vigilia, especialmente cuando el estr\u00e9s diario o los cambios de horario te desestabilizan. El CBD, por otro lado, se usa ampliamente para favorecer la relajaci\u00f3n y desconectar del d\u00eda. Combinados en nuestra c\u00e1psula blanda de CBD de 25 mg, estos ingredientes ofrecen un apoyo complementario para una experiencia nocturna m\u00e1s serena y una relajaci\u00f3n m\u00e1s profunda.<\/p>\n<h3 class=\"\" data-start=\"1804\" data-end=\"1854\">Nanoemulsi\u00f3n de acci\u00f3n r\u00e1pida para una mejor absorci\u00f3n<\/h3>\n<p class=\"\" data-start=\"1856\" data-end=\"2064\">Nuestras c\u00e1psulas blandas cuentan con tecnolog\u00eda avanzada de nanoemulsi\u00f3n para una absorci\u00f3n \u00f3ptima, permitiendo que tu cuerpo absorba r\u00e1pidamente todos los ingredientes activos. Esto se traduce en resultados m\u00e1s r\u00e1pidos y una mayor consistencia, noche tras noche.<\/p>\n<h3 class=\"\" data-start=\"2071\" data-end=\"2125\">Libre de THC y probado en laboratorio para su tranquilidad<\/h3>\n<p class=\"\" data-start=\"2127\" data-end=\"2163\">Las c\u00e1psulas blandas de CBD para dormir BlissFulVibz son:<\/p>\n<p class=\"\" data-start=\"2165\" data-end=\"2360\">\u2714 100% sin THC: sin efectos psicoactivos<br data-start=\"2206\" data-end=\"2209\" \/>\u2714 Sin gluten<br data-start=\"2232\" data-end=\"2235\" \/>\u2714 Elaborado con ingredientes naturales \u2013 Sin rellenos artificiales<br data-start=\"2266\" data-end=\"2269\" \/>\u2714 Probado en laboratorios de terceros: verificado por su pureza y consistencia<\/p>\n<p class=\"\" data-start=\"2362\" data-end=\"2456\">Este suplemento para dormir con CBD y sin THC est\u00e1 elaborado con cuidado: solo apoyo vegetal puro y confiable.<\/p>\n<h3 class=\"\" data-start=\"2463\" data-end=\"2500\">F\u00e1cil de usar \u2013 Naturalmente eficaz<\/h3>\n<p class=\"\" data-start=\"2502\" data-end=\"2703\">Cada frasco contiene 30 c\u00e1psulas blandas, lo que ofrece un pr\u00e1ctico suministro para un mes. Toma una c\u00e1psula blanda unos 30 minutos antes de acostarte como parte de tu rutina de relajaci\u00f3n. Ya sea que est\u00e9s adaptando tu rutina, reduciendo el estr\u00e9s nocturno o simplemente buscando un suplemento natural para dormir, <a href=\"https:\/\/blissfulvibz.com\/es\/\">Vibz feliz y pleno<\/a> Hace que sea m\u00e1s f\u00e1cil descansar m\u00e1s tranquilo.<\/p>","protected":false},"excerpt":{"rendered":"<p><strong>C\u00e1psulas blandas para dormir con CBD BlissFulVibz<\/strong> Combina 25 mg de CBD, CBN y melatonina en una f\u00f3rmula cuidadosamente dise\u00f1ada para complementar tu rutina nocturna. Con extracto de c\u00e1\u00f1amo de amplio espectro, 0,01 TP3T de THC y tecnolog\u00eda avanzada de nanoemulsi\u00f3n para una absorci\u00f3n optimizada, estas c\u00e1psulas blandas rigurosamente probadas ofrecen una forma natural de relajarse y favorecer una experiencia nocturna m\u00e1s serena.<\/p>","protected":false},"featured_media":22640,"comment_status":"open","ping_status":"closed","template":"","meta":{"_acf_changed":false,"inline_featured_image":false},"product_brand":[],"product_cat":[77],"product_tag":[92],"class_list":{"0":"post-22277","1":"product","2":"type-product","3":"status-publish","4":"has-post-thumbnail","6":"product_cat-dreamy-vibz","7":"product_tag-softgels","9":"first","10":"instock","11":"taxable","12":"shipping-taxable","13":"purchasable","14":"product-type-simple"},"acf":[],"_links":{"self":[{"href":"https:\/\/blissfulvibz.com\/es\/wp-json\/wp\/v2\/product\/22277","targetHints":{"allow":["GET"]}}],"collection":[{"href":"https:\/\/blissfulvibz.com\/es\/wp-json\/wp\/v2\/product"}],"about":[{"href":"https:\/\/blissfulvibz.com\/es\/wp-json\/wp\/v2\/types\/product"}],"replies":[{"embeddable":true,"href":"https:\/\/blissfulvibz.com\/es\/wp-json\/wp\/v2\/comments?post=22277"}],"version-history":[{"count":6,"href":"https:\/\/blissfulvibz.com\/es\/wp-json\/wp\/v2\/product\/22277\/revisions"}],"predecessor-version":[{"id":24094,"href":"https:\/\/blissfulvibz.com\/es\/wp-json\/wp\/v2\/product\/22277\/revisions\/24094"}],"wp:featuredmedia":[{"embeddable":true,"href":"https:\/\/blissfulvibz.com\/es\/wp-json\/wp\/v2\/media\/22640"}],"wp:attachment":[{"href":"https:\/\/blissfulvibz.com\/es\/wp-json\/wp\/v2\/media?parent=22277"}],"wp:term":[{"taxonomy":"product_brand","embeddable":true,"href":"https:\/\/blissfulvibz.com\/es\/wp-json\/wp\/v2\/product_brand?post=22277"},{"taxonomy":"product_cat","embeddable":true,"href":"https:\/\/blissfulvibz.com\/es\/wp-json\/wp\/v2\/product_cat?post=22277"},{"taxonomy":"product_tag","embeddable":true,"href":"https:\/\/blissfulvibz.com\/es\/wp-json\/wp\/v2\/product_tag?post=22277"}],"curies":[{"name":"wp","href":"https:\/\/api.w.org\/{rel}","templated":true}]}}