{"id":22274,"date":"2024-11-26T13:08:27","date_gmt":"2024-11-26T13:08:27","guid":{"rendered":"https:\/\/blissfulvibz.com\/?post_type=product&#038;p=22274"},"modified":"2025-04-15T21:21:52","modified_gmt":"2025-04-15T21:21:52","slug":"geles-blandos-de-cbd-de-25-mg-y-thc-de-7-mg-todos-los-dias","status":"publish","type":"product","link":"https:\/\/blissfulvibz.com\/es\/product\/geles-blandos-de-cbd-de-25-mg-y-thc-de-7-mg-todos-los-dias\/","title":{"rendered":"Geles blandos de CBD de 25 mg y 0,7 mg de THC: para uso diario"},"content":{"rendered":"<h3>C\u00e1psulas blandas de CBD de 25 mg y 0,7 mg de THC \u2013 Bienestar diario<\/h3>\n<p>Mejore su rutina de bienestar con las c\u00e1psulas blandas de CBD BlissFulVibz de 25 mg con 0,7 mg de THC: un producto premium de espectro completo. <a href=\"https:\/\/www.medicalnewstoday.com\/articles\/317221\" target=\"_blank\" rel=\"noopener\">CDB<\/a> C\u00e1psula blanda dise\u00f1ada para el equilibrio diario, la relajaci\u00f3n y el alivio del estr\u00e9s. Esta f\u00f3rmula cuidadosamente elaborada combina extracto de c\u00e1\u00f1amo de espectro completo con una cantidad precisa de THC (dentro del l\u00edmite legal de 0.3%) para potenciar naturalmente los efectos del CBD mediante el efecto s\u00e9quito, un fen\u00f3meno en el que los cannabinoides y los terpenos trabajan juntos para lograr un mayor impacto que cuando se toman por separado.<\/p>\n<h3 class=\"\" data-start=\"803\" data-end=\"844\"><strong data-start=\"807\" data-end=\"842\">\u00bfQu\u00e9 hay dentro de cada c\u00e1psula blanda de CBD?<\/strong><\/h3>\n<p class=\"\" data-start=\"845\" data-end=\"1309\">\u2714 <strong data-start=\"847\" data-end=\"873\">25 mg de CBD de espectro completo<\/strong> \u2013 Favorece el bienestar general al interactuar con el sistema endocannabinoide del cuerpo (ECS), lo que ayuda a mantener el equilibrio en el estr\u00e9s, el estado de \u00e1nimo y la relajaci\u00f3n.<br data-start=\"1026\" data-end=\"1029\" \/>\u2714 <strong data-start=\"1031\" data-end=\"1044\">0,7 mg de THC<\/strong> \u2013 Una cantidad suave dise\u00f1ada para mejorar la relajaci\u00f3n sin intoxicaci\u00f3n, trabajando junto con el CBD para una experiencia hol\u00edstica.<br data-start=\"1168\" data-end=\"1171\" \/>\u2714 <strong data-start=\"1173\" data-end=\"1202\">Terpenos y fitonutrientes<\/strong> \u2013 Compuestos naturales que favorecen a\u00fan m\u00e1s la calma, la claridad mental y la comodidad.<\/p>\n<h3>\u00bfPor qu\u00e9 elegir las c\u00e1psulas blandas de CBD BlissFulVibz con THC?<\/h3>\n<p class=\"\" data-start=\"1369\" data-end=\"1653\">\u2714 <strong data-start=\"1371\" data-end=\"1410\">Promueve el alivio del estr\u00e9s y la relajaci\u00f3n.<\/strong><br data-start=\"1410\" data-end=\"1413\" \/>Estas c\u00e1psulas blandas de CBD para aliviar el estr\u00e9s te ayudan a mantenerte centrado. El CBD y el THC act\u00faan conjuntamente para aliviar la tensi\u00f3n, promover la relajaci\u00f3n y ayudar a tu cuerpo a responder mejor a los factores estresantes diarios, manteniendo una sensaci\u00f3n de calma y tranquilidad.<\/p>\n<p class=\"\" data-start=\"1655\" data-end=\"1996\">\u2714 <strong data-start=\"1657\" data-end=\"1695\">Favorece la recuperaci\u00f3n y la comodidad muscular<\/strong><br data-start=\"1695\" data-end=\"1698\" \/>Ya sea que est\u00e9s lidiando con el dolor post-entrenamiento o con molestias cotidianas, estas c\u00e1psulas blandas de CBD de espectro completo estimulan los procesos naturales de recuperaci\u00f3n de tu cuerpo. La combinaci\u00f3n de CBD, THC y compuestos beneficiosos del c\u00e1\u00f1amo favorece la relajaci\u00f3n muscular, ayud\u00e1ndote a desconectar y recargar energ\u00edas despu\u00e9s de un largo d\u00eda.<\/p>\n<p class=\"\" data-start=\"2607\" data-end=\"2851\">\u2714 <strong data-start=\"2609\" data-end=\"2649\">C\u00f3modo, preciso y f\u00e1cil de usar<\/strong><br data-start=\"2649\" data-end=\"2652\" \/>Cada frasco contiene 30 c\u00e1psulas blandas premedidas, lo que facilita su integraci\u00f3n en tu rutina diaria. Sin complicaciones ni conjeturas: resultados consistentes y fiables en un formato f\u00e1cil de tragar.<\/p>\n<p class=\"\" data-start=\"2853\" data-end=\"3231\">\u2714 <strong data-start=\"2855\" data-end=\"2914\">Probado por terceros para garantizar la seguridad<\/strong><br data-start=\"2914\" data-end=\"2917\" \/>En BlissFulVibz, la calidad y la transparencia son nuestras m\u00e1ximas prioridades. Nuestras c\u00e1psulas de CBD con THC se someten a rigurosas pruebas de laboratorio independientes para garantizar su pureza, potencia y seguridad. Con 0,7 mg de THC por c\u00e1psula, se mantienen dentro del umbral legal federal de 0,31 TP3T de THC, lo que le brinda confianza en cada dosis.<\/p>\n<p class=\"\" data-start=\"3260\" data-end=\"3517\">Ya sea que busques relajarte despu\u00e9s de un d\u00eda estresante, recuperarte del ejercicio f\u00edsico o mantener el equilibrio general, estas c\u00e1psulas blandas ofrecen una soluci\u00f3n natural y eficaz para el bienestar diario. Experimenta la sinergia del CBD y el THC. <a href=\"https:\/\/blissfulvibz.com\/es\/product-tag\/capsulas-blandas\/\"><strong>C\u00e1psulas blandas BlissFulVibz<\/strong><\/a>\u2014Dise\u00f1ado para ayudarle a sentirse m\u00e1s equilibrado, relajado y listo para afrontar el d\u00eda.<\/p>","protected":false},"excerpt":{"rendered":"<p>Las c\u00e1psulas blandas de CBD de espectro completo BlissFulVibz aportan 25 mg de CBD con hasta 0,31 TP3T de THC. Elaboradas con una absorci\u00f3n superior y sometidas a pruebas rigurosas de terceros para garantizar su seguridad, estas c\u00e1psulas blandas proporcionan un apoyo diario conveniente para la relajaci\u00f3n, el alivio del estr\u00e9s y la recuperaci\u00f3n muscular.<\/p>","protected":false},"featured_media":22609,"comment_status":"open","ping_status":"closed","template":"","meta":{"_acf_changed":false,"inline_featured_image":false},"product_brand":[],"product_cat":[76],"product_tag":[92],"class_list":{"0":"post-22274","1":"product","2":"type-product","3":"status-publish","4":"has-post-thumbnail","6":"product_cat-euphoric-vibz","7":"product_tag-softgels","9":"first","10":"instock","11":"taxable","12":"shipping-taxable","13":"purchasable","14":"product-type-simple"},"acf":[],"_links":{"self":[{"href":"https:\/\/blissfulvibz.com\/es\/wp-json\/wp\/v2\/product\/22274","targetHints":{"allow":["GET"]}}],"collection":[{"href":"https:\/\/blissfulvibz.com\/es\/wp-json\/wp\/v2\/product"}],"about":[{"href":"https:\/\/blissfulvibz.com\/es\/wp-json\/wp\/v2\/types\/product"}],"replies":[{"embeddable":true,"href":"https:\/\/blissfulvibz.com\/es\/wp-json\/wp\/v2\/comments?post=22274"}],"version-history":[{"count":6,"href":"https:\/\/blissfulvibz.com\/es\/wp-json\/wp\/v2\/product\/22274\/revisions"}],"predecessor-version":[{"id":24108,"href":"https:\/\/blissfulvibz.com\/es\/wp-json\/wp\/v2\/product\/22274\/revisions\/24108"}],"wp:featuredmedia":[{"embeddable":true,"href":"https:\/\/blissfulvibz.com\/es\/wp-json\/wp\/v2\/media\/22609"}],"wp:attachment":[{"href":"https:\/\/blissfulvibz.com\/es\/wp-json\/wp\/v2\/media?parent=22274"}],"wp:term":[{"taxonomy":"product_brand","embeddable":true,"href":"https:\/\/blissfulvibz.com\/es\/wp-json\/wp\/v2\/product_brand?post=22274"},{"taxonomy":"product_cat","embeddable":true,"href":"https:\/\/blissfulvibz.com\/es\/wp-json\/wp\/v2\/product_cat?post=22274"},{"taxonomy":"product_tag","embeddable":true,"href":"https:\/\/blissfulvibz.com\/es\/wp-json\/wp\/v2\/product_tag?post=22274"}],"curies":[{"name":"wp","href":"https:\/\/api.w.org\/{rel}","templated":true}]}}