{"id":22270,"date":"2024-12-09T17:11:17","date_gmt":"2024-12-09T17:11:17","guid":{"rendered":"https:\/\/blissfulvibz.com\/?post_type=product&#038;p=22270"},"modified":"2025-04-15T20:36:04","modified_gmt":"2025-04-15T20:36:04","slug":"geles-blandos-de-cbd-de-10-mg-todos-los-dias","status":"publish","type":"product","link":"https:\/\/blissfulvibz.com\/es\/product\/geles-blandos-de-cbd-de-10-mg-todos-los-dias\/","title":{"rendered":"Geles blandos de CBD de 10 mg: para uso diario"},"content":{"rendered":"<h3>Geles blandos de CBD de 10 mg: para uso diario<\/h3>\n<p>Las c\u00e1psulas blandas de CBD BlissFulVibz Premium de 10 mg est\u00e1n aqu\u00ed para mejorar tu rutina diaria. Tanto si te inicias en el CBD como si buscas un producto de primera calidad, nuestras c\u00e1psulas blandas de amplio espectro te ofrecen una forma sencilla de integrar el CBD en tu estilo de vida.<\/p>\n<p>Desde la semilla de c\u00e1\u00f1amo hasta el producto final, cada lote se elabora con cuidado y se prueba rigurosamente en laboratorios externos para garantizar la calidad, la consistencia y la pureza. Con la f\u00f3rmula diaria de BlissFulVibz, puedes afrontar tu rutina con confianza.<\/p>\n<h4><strong>\u00bfPor qu\u00e9 elegir los geles blandos de CBD de 10 mg de BlissFulVibz?<\/strong><\/h4>\n<p><strong>Excelencia de amplio espectro<\/strong><br \/>\nNuestras c\u00e1psulas blandas utilizan extracto de c\u00e1\u00f1amo de amplio espectro, que conserva fitonutrientes clave como terpenos y cannabinoides. Esta combinaci\u00f3n crea una sinergia armoniosa que la convierte en una parte enriquecedora de sus h\u00e1bitos diarios.<\/p>\n<p><strong>0,01 TP3T THC para tranquilidad mental<\/strong><br \/>\nEntendemos la importancia de los productos sin THC. Por eso, nuestras c\u00e1psulas blandas est\u00e1n formuladas con CBD de amplio espectro, sin THC detectable, lo que ofrece una experiencia l\u00facida y concentrada.<\/p>\n<p><strong>Tecnolog\u00eda nano CBD para una mejor absorci\u00f3n<\/strong><br \/>\nGracias a nuestra avanzada tecnolog\u00eda de nanoemulsi\u00f3n, nuestro aceite de CBD es soluble en agua y se absorbe de manera eficiente, lo que brinda una experiencia m\u00e1s efectiva. Es una forma inteligente de aprovechar al m\u00e1ximo cada dosis.<\/p>\n<p><strong>Pruebas rigurosas de terceros<\/strong><br \/>\nLa transparencia y la confianza son nuestras prioridades. Cada lote se somete a pruebas independientes para confirmar su calidad, lo que garantiza que recibir\u00e1s un producto elaborado con cuidado e integridad.<\/p>\n<p><strong>Por qu\u00e9 a los clientes les encantan las c\u00e1psulas blandas de CBD BlissFulVibz<\/strong><br \/>\nNuestras c\u00e1psulas blandas son famosas por su calidad y versatilidad, y ofrecen una forma sencilla y eficaz de mejorar su rutina. Esto es lo que nos cont\u00f3 un cliente satisfecho:<br \/>\n<em>\u201cA los 78 a\u00f1os, aprecio lo f\u00e1cil que es incorporar estas c\u00e1psulas blandas a mi d\u00eda. \u00a1Se han convertido en una parte favorita de mi rutina!\u201d<\/em><\/p>\n<p><strong>Encuentra la opci\u00f3n adecuada para ti<\/strong><br \/>\nCada frasco contiene 30 c\u00e1psulas blandas, disponibles en estas concentraciones:<\/p>\n<ul>\n<li>10 mg de CBD por raci\u00f3n<\/li>\n<li>25 mg de CBD por raci\u00f3n<\/li>\n<li>100 mg de CBD por raci\u00f3n<\/li>\n<\/ul>\n<p><strong>\u00bfListo para dar el siguiente paso?<\/strong><br \/>\nDescubrir <strong><a href=\"https:\/\/blissfulvibz.com\/es\/?s=soft+gels\">C\u00e1psulas blandas de CBD premium BlissFulVibz<\/a><\/strong> \u00a1Y hazlos parte de tu viaje hoy!<\/p>","protected":false},"excerpt":{"rendered":"<p><strong>C\u00e1psulas blandas de CBD premium BlissFulVibz<\/strong> Proporcionan un extracto de c\u00e1\u00f1amo de amplio espectro con 0,01 TP3T de THC, lo que supone una incorporaci\u00f3n armoniosa a su rutina diaria. Elaboradas con tecnolog\u00eda avanzada de nanoemulsi\u00f3n para una mejor absorci\u00f3n, estas c\u00e1psulas blandas probadas por terceros est\u00e1n disponibles en dosis de 10 mg, 25 mg o 100 mg de CBD por porci\u00f3n, dise\u00f1adas para satisfacer las necesidades de su estilo de vida.<\/p>","protected":false},"featured_media":22608,"comment_status":"open","ping_status":"closed","template":"","meta":{"_acf_changed":false,"inline_featured_image":false},"product_brand":[],"product_cat":[78],"product_tag":[92],"class_list":{"0":"post-22270","1":"product","2":"type-product","3":"status-publish","4":"has-post-thumbnail","6":"product_cat-mello-vibz","7":"product_tag-softgels","9":"first","10":"instock","11":"taxable","12":"shipping-taxable","13":"purchasable","14":"product-type-simple"},"acf":[],"_links":{"self":[{"href":"https:\/\/blissfulvibz.com\/es\/wp-json\/wp\/v2\/product\/22270","targetHints":{"allow":["GET"]}}],"collection":[{"href":"https:\/\/blissfulvibz.com\/es\/wp-json\/wp\/v2\/product"}],"about":[{"href":"https:\/\/blissfulvibz.com\/es\/wp-json\/wp\/v2\/types\/product"}],"replies":[{"embeddable":true,"href":"https:\/\/blissfulvibz.com\/es\/wp-json\/wp\/v2\/comments?post=22270"}],"version-history":[{"count":4,"href":"https:\/\/blissfulvibz.com\/es\/wp-json\/wp\/v2\/product\/22270\/revisions"}],"predecessor-version":[{"id":24103,"href":"https:\/\/blissfulvibz.com\/es\/wp-json\/wp\/v2\/product\/22270\/revisions\/24103"}],"wp:featuredmedia":[{"embeddable":true,"href":"https:\/\/blissfulvibz.com\/es\/wp-json\/wp\/v2\/media\/22608"}],"wp:attachment":[{"href":"https:\/\/blissfulvibz.com\/es\/wp-json\/wp\/v2\/media?parent=22270"}],"wp:term":[{"taxonomy":"product_brand","embeddable":true,"href":"https:\/\/blissfulvibz.com\/es\/wp-json\/wp\/v2\/product_brand?post=22270"},{"taxonomy":"product_cat","embeddable":true,"href":"https:\/\/blissfulvibz.com\/es\/wp-json\/wp\/v2\/product_cat?post=22270"},{"taxonomy":"product_tag","embeddable":true,"href":"https:\/\/blissfulvibz.com\/es\/wp-json\/wp\/v2\/product_tag?post=22270"}],"curies":[{"name":"wp","href":"https:\/\/api.w.org\/{rel}","templated":true}]}}