{"id":22132,"date":"2024-12-09T17:11:17","date_gmt":"2024-12-09T17:11:17","guid":{"rendered":"https:\/\/blissfulvibz.com\/?post_type=product&#038;p=22132"},"modified":"2025-04-15T21:13:48","modified_gmt":"2025-04-15T21:13:48","slug":"gomitas-de-cbd-de-25-mg-con-sabor-a-limonada-de-fresa","status":"publish","type":"product","link":"https:\/\/blissfulvibz.com\/es\/product\/gomitas-de-cbd-de-25-mg-con-sabor-a-limonada-de-fresa\/","title":{"rendered":"Gomitas de CBD de 25 mg: limonada de fresa"},"content":{"rendered":"<h3>Gomitas de CBD de 25 mg: limonada de fresa<\/h3>\n<p>Las gomitas de CBD BlissFulVibz Strawberry Lemonade de 25 mg con certificaci\u00f3n org\u00e1nica del USDA est\u00e1n aqu\u00ed para ayudarte. Estas gomitas de amplio espectro, favoritas de los fans, est\u00e1n dise\u00f1adas para adaptarse perfectamente a tus d\u00edas m\u00e1s ocupados, brind\u00e1ndote un apoyo sin remordimientos cuando lo necesites. Ya sea que vayas al trabajo, recojas a los ni\u00f1os o tengas una agenda apretada, nuestras gomitas son el complemento perfecto para el manejo del estr\u00e9s y el equilibrio general.<\/p>\n<h3><strong>Org\u00e1nico y sin culpa<\/strong><\/h3>\n<p>En BlissFulVibz, priorizamos los ingredientes limpios y conscientes. Por eso, nuestras gomitas son:<\/p>\n<ul>\n<li><strong>Sin gluten<\/strong><\/li>\n<li><strong>Vegano<\/strong><\/li>\n<li><strong>Libre de jarabe de ma\u00edz y sabores artificiales.<\/strong><\/li>\n<li><strong>0,01 TP3T-THC<\/strong><\/li>\n<\/ul>\n<p>Desde las semillas que plantamos hasta el toque final del az\u00facar de ca\u00f1a org\u00e1nico, cada paso de nuestro proceso de producci\u00f3n es <strong>Certificado org\u00e1nico por el USDA<\/strong>, garantizando un producto elaborado con cuidado y precisi\u00f3n.<\/p>\n<h3><strong>Gomitas de amplio espectro para obtener todos los beneficios<\/strong><\/h3>\n<p>Experimente los beneficios del CBD sin THC para el bienestar. Nuestras gomitas de amplio espectro ofrecen una amplia gama de cannabinoides y terpenos derivados del c\u00e1\u00f1amo, con el efecto s\u00e9quito que potencia su eficacia, todo ello sin THC detectable.<\/p>\n<p>Esto garantiza una experiencia l\u00facida y equilibrada que favorece la relajaci\u00f3n y la concentraci\u00f3n, convirti\u00e9ndola en lo mejor de ambos mundos.<\/p>\n<h3><strong>Pruebas exhaustivas de terceros<\/strong><\/h3>\n<p>La transparencia y la calidad son la base de BlissFulVibz. Cada lote de nuestras gomitas de CBD se somete a rigurosas pruebas de laboratorio independientes para garantizar:<\/p>\n<ul>\n<li>Contenido preciso de CBD.<\/li>\n<li>Pureza de m\u00e1s de 50 pesticidas y contaminantes.<\/li>\n<\/ul>\n<p>Con BlissFulVibz, puedes confiar en lo que est\u00e1s poniendo en tu cuerpo.<\/p>\n<h3><strong>Bienestar a tu ritmo<\/strong><\/h3>\n<p>Cada frasco contiene 30 gomitas, disponibles en:<\/p>\n<ul>\n<li><strong>10 mg de CBD de amplio espectro por gominola<\/strong><\/li>\n<li><strong>25 mg de CBD de amplio espectro por gominola<\/strong><\/li>\n<\/ul>\n<p>Perfecto para cualquier momento, ya sea que est\u00e9s en tu escritorio, en movimiento o relaj\u00e1ndote por la noche.<\/p>\n<h3><strong>Satisfacci\u00f3n garantizada<\/strong><\/h3>\n<p>Respaldamos la calidad de nuestros productos con un <strong>Garant\u00eda de devoluci\u00f3n de dinero de 30 d\u00edas<\/strong>Si no est\u00e1 completamente satisfecho, le reembolsaremos su compra, sin hacer preguntas.<\/p>\n<h3><strong>Experimente BlissFulVibz hoy<\/strong><\/h3>\n<p>Redescubre el equilibrio y la calma en tu vida cotidiana con <em><a href=\"https:\/\/blissfulvibz.com\/es\/\">Vibz feliz y pleno<\/a><\/em>Gomitas de CBD Elaboradas con cuidado y repletas de sabor, son una forma deliciosa y eficaz de apoyar su bienestar.<\/p>\n<p><strong>\u00a1Pru\u00e9balos hoy y experimenta la diferencia!<\/strong><\/p>","protected":false},"excerpt":{"rendered":"<p>25mg CBD Gummies &#8211; Strawberry Lemonade BlissFulVibz USDA Certified Organic 25mg CBD Gummies Strawberry Lemonade are here to help. These fan-favorite Broad spectrum gummies are designed to fit seamlessly into your busiest days, providing guilt-free support whenever you need it. Whether you\u2019re heading to work, picking up the kids, or managing a hectic schedule, our [&hellip;]<\/p>","protected":false},"featured_media":22604,"comment_status":"open","ping_status":"closed","template":"","meta":{"_acf_changed":false,"inline_featured_image":false},"product_brand":[],"product_cat":[78],"product_tag":[93],"class_list":{"0":"post-22132","1":"product","2":"type-product","3":"status-publish","4":"has-post-thumbnail","6":"product_cat-mello-vibz","7":"product_tag-gummies","9":"first","10":"instock","11":"taxable","12":"shipping-taxable","13":"purchasable","14":"product-type-simple"},"acf":[],"_links":{"self":[{"href":"https:\/\/blissfulvibz.com\/es\/wp-json\/wp\/v2\/product\/22132","targetHints":{"allow":["GET"]}}],"collection":[{"href":"https:\/\/blissfulvibz.com\/es\/wp-json\/wp\/v2\/product"}],"about":[{"href":"https:\/\/blissfulvibz.com\/es\/wp-json\/wp\/v2\/types\/product"}],"replies":[{"embeddable":true,"href":"https:\/\/blissfulvibz.com\/es\/wp-json\/wp\/v2\/comments?post=22132"}],"version-history":[{"count":4,"href":"https:\/\/blissfulvibz.com\/es\/wp-json\/wp\/v2\/product\/22132\/revisions"}],"predecessor-version":[{"id":24107,"href":"https:\/\/blissfulvibz.com\/es\/wp-json\/wp\/v2\/product\/22132\/revisions\/24107"}],"wp:featuredmedia":[{"embeddable":true,"href":"https:\/\/blissfulvibz.com\/es\/wp-json\/wp\/v2\/media\/22604"}],"wp:attachment":[{"href":"https:\/\/blissfulvibz.com\/es\/wp-json\/wp\/v2\/media?parent=22132"}],"wp:term":[{"taxonomy":"product_brand","embeddable":true,"href":"https:\/\/blissfulvibz.com\/es\/wp-json\/wp\/v2\/product_brand?post=22132"},{"taxonomy":"product_cat","embeddable":true,"href":"https:\/\/blissfulvibz.com\/es\/wp-json\/wp\/v2\/product_cat?post=22132"},{"taxonomy":"product_tag","embeddable":true,"href":"https:\/\/blissfulvibz.com\/es\/wp-json\/wp\/v2\/product_tag?post=22132"}],"curies":[{"name":"wp","href":"https:\/\/api.w.org\/{rel}","templated":true}]}}