{"id":22112,"date":"2024-12-09T17:11:18","date_gmt":"2024-12-09T17:11:18","guid":{"rendered":"https:\/\/blissfulvibz.com\/?post_type=product&#038;p=22112"},"modified":"2025-04-14T19:25:47","modified_gmt":"2025-04-14T19:25:47","slug":"gomitas-de-cbd-1-mg-de-thc-y-limonada-de-frambuesa","status":"publish","type":"product","link":"https:\/\/blissfulvibz.com\/es\/product\/gomitas-de-cbd-1-mg-de-thc-y-limonada-de-frambuesa\/","title":{"rendered":"Gomitas de 25 mg de CBD y 1 mg de THC: limonada de frambuesa"},"content":{"rendered":"<div class=\"flex-shrink-0 flex flex-col relative items-end\">\n<div class=\"pt-0\">\n<div class=\"gizmo-bot-avatar flex h-8 w-8 items-center justify-center overflow-hidden rounded-full\">\n<div class=\"relative p-1 rounded-sm flex items-center justify-center bg-token-main-surface-primary text-token-text-primary h-8 w-8\">\n<h4><strong>Gomitas de limonada de frambuesa org\u00e1nicas de espectro completo con 1 mg de THC y certificaci\u00f3n USDA de BlissFulVibz<\/strong><\/h4>\n<p>Disfrute de la refrescante mezcla de limonada de frambuesa con nuestras gomitas org\u00e1nicas de espectro completo con certificaci\u00f3n USDA, elaboradas por expertos para apoyar su bienestar. Cada gomita suave y masticable aporta 25 mg de CBD de espectro completo y 1 mg de... <a href=\"https:\/\/www.healthline.com\/health\/what-is-delta-9#faq\" target=\"_blank\" rel=\"noopener\">Delta 9 del THC<\/a>, logrando el equilibrio perfecto entre relajaci\u00f3n y claridad mental.<\/p>\n<p>Dise\u00f1adas para quienes necesitan mantenerse centrados mientras enfrentan los desaf\u00edos diarios, estas gomitas ofrecen una experiencia suave y estimulante, perfecta para aliviar la tensi\u00f3n, mejorar la concentraci\u00f3n y mantener una sensaci\u00f3n de calma durante todo el d\u00eda. Ya sea que est\u00e9s lidiando con una agenda exigente o simplemente est\u00e9s relaj\u00e1ndote, disfruta de una manera conveniente y deliciosa de nutrir tu mente y tu cuerpo.<\/p>\n<p><strong>\u00bfPor qu\u00e9 elegir BlissFulVibz?<\/strong><\/p>\n<ul>\n<li><strong>Certificado org\u00e1nico por el USDA:<\/strong>\u00a0Ingredientes puros y naturales sin aditivos sint\u00e9ticos.<\/li>\n<li><strong>Beneficios del espectro completo:<\/strong>\u00a0Perfil rico en cannabinoides para una mayor relajaci\u00f3n y bienestar.<\/li>\n<li><strong>Delicioso sabor a limonada de frambuesa: <\/strong>Sin regusto a c\u00e1\u00f1amo, s\u00f3lo un sabor suave y refrescante.<\/li>\n<li><strong>Probado en laboratorio para comprobar su pureza y potencia:<\/strong>\u00a0Verificado por laboratorios externos.<\/li>\n<li><strong>Satisfacci\u00f3n garantizada:<\/strong>\u00a0Promesa de devoluci\u00f3n de dinero de 30 d\u00edas para su tranquilidad.<\/li>\n<\/ul>\n<p>Elaboradas con cuidado, nuestras gomitas cumplen con los m\u00e1s altos est\u00e1ndares para brindar calidad, transparencia y eficacia en cada bocado. <strong>Entra en tu felicidad con <a href=\"https:\/\/blissfulvibz.com\/es\/\">Vibz feliz y pleno<\/a>-\u00a1naturalmente!<\/strong><\/p>\n<\/div>\n<\/div>\n<\/div>\n<\/div>","protected":false},"excerpt":{"rendered":"<p>Las gomitas de espectro completo con 1 mg de THC y sabor a limonada de frambuesa org\u00e1nica certificada por el USDA de BlissFulVibz combinan 25 mg de CBD para lograr una relajaci\u00f3n y concentraci\u00f3n equilibradas. Con un sabor suave y delicioso e ingredientes org\u00e1nicos puros, estas gomitas rigurosamente probadas son tu compa\u00f1era perfecta para aliviar el estr\u00e9s y el bienestar.<\/p>","protected":false},"featured_media":22606,"comment_status":"open","ping_status":"closed","template":"","meta":{"_acf_changed":false,"inline_featured_image":false},"product_brand":[],"product_cat":[76],"product_tag":[93],"class_list":{"0":"post-22112","1":"product","2":"type-product","3":"status-publish","4":"has-post-thumbnail","6":"product_cat-euphoric-vibz","7":"product_tag-gummies","9":"first","10":"instock","11":"taxable","12":"shipping-taxable","13":"purchasable","14":"product-type-simple"},"acf":[],"_links":{"self":[{"href":"https:\/\/blissfulvibz.com\/es\/wp-json\/wp\/v2\/product\/22112","targetHints":{"allow":["GET"]}}],"collection":[{"href":"https:\/\/blissfulvibz.com\/es\/wp-json\/wp\/v2\/product"}],"about":[{"href":"https:\/\/blissfulvibz.com\/es\/wp-json\/wp\/v2\/types\/product"}],"replies":[{"embeddable":true,"href":"https:\/\/blissfulvibz.com\/es\/wp-json\/wp\/v2\/comments?post=22112"}],"version-history":[{"count":5,"href":"https:\/\/blissfulvibz.com\/es\/wp-json\/wp\/v2\/product\/22112\/revisions"}],"predecessor-version":[{"id":24091,"href":"https:\/\/blissfulvibz.com\/es\/wp-json\/wp\/v2\/product\/22112\/revisions\/24091"}],"wp:featuredmedia":[{"embeddable":true,"href":"https:\/\/blissfulvibz.com\/es\/wp-json\/wp\/v2\/media\/22606"}],"wp:attachment":[{"href":"https:\/\/blissfulvibz.com\/es\/wp-json\/wp\/v2\/media?parent=22112"}],"wp:term":[{"taxonomy":"product_brand","embeddable":true,"href":"https:\/\/blissfulvibz.com\/es\/wp-json\/wp\/v2\/product_brand?post=22112"},{"taxonomy":"product_cat","embeddable":true,"href":"https:\/\/blissfulvibz.com\/es\/wp-json\/wp\/v2\/product_cat?post=22112"},{"taxonomy":"product_tag","embeddable":true,"href":"https:\/\/blissfulvibz.com\/es\/wp-json\/wp\/v2\/product_tag?post=22112"}],"curies":[{"name":"wp","href":"https:\/\/api.w.org\/{rel}","templated":true}]}}