{"id":22082,"date":"2024-12-09T17:11:19","date_gmt":"2024-12-09T17:11:19","guid":{"rendered":"https:\/\/blissfulvibz.com\/?post_type=product&#038;p=22082"},"modified":"2025-04-11T18:15:58","modified_gmt":"2025-04-11T18:15:58","slug":"gomitas-de-cbd-de-10-mg-con-sabor-a-limonada-de-fresa","status":"publish","type":"product","link":"https:\/\/blissfulvibz.com\/es\/product\/gomitas-de-cbd-de-10-mg-con-sabor-a-limonada-de-fresa\/","title":{"rendered":"Gomitas de CBD de 10 mg: limonada de fresa"},"content":{"rendered":"<h3><strong>Gomitas de CBD de 10 mg con sabor a limonada de fresa (sin THC)<\/strong><\/h3>\n<p>\u00bfBuscas una forma pr\u00e1ctica y agradable de mejorar tu rutina diaria? Las gomitas de CBD org\u00e1nico BlissFulVibz SIN THC te har\u00e1n sentir bien. Ya sea que vayas al trabajo, a la familia o busques un momento de tranquilidad, estas gomitas se adaptan perfectamente a tu apretada agenda.<\/p>\n<p>Disfrute de estas delicias sin culpa siempre que necesite un poco de apoyo adicional para el equilibrio y la relajaci\u00f3n.<\/p>\n<h3><strong>Bondad org\u00e1nica y sin culpa<\/strong><\/h3>\n<p>En BlissFulVibz, priorizamos los ingredientes limpios y naturales. Por eso, nuestras gomitas son:<\/p>\n<ul>\n<li><strong>Sin gluten<\/strong><\/li>\n<li><strong>Vegano<\/strong><\/li>\n<li><strong>Libre de jarabe de ma\u00edz, sabores artificiales y aditivos sint\u00e9ticos.<\/strong><\/li>\n<li><strong>Libre de THC (0,01 TP3T)<\/strong><\/li>\n<\/ul>\n<p>Cada ingrediente se obtiene meticulosamente y todo el proceso de producci\u00f3n cuenta con la certificaci\u00f3n org\u00e1nica del USDA, lo que garantiza que recibir\u00e1s solo productos de la m\u00e1s alta calidad. Desde las semillas que plantamos hasta el toque de az\u00facar de ca\u00f1a org\u00e1nica, elaboramos nuestras gomitas con cuidado e integridad.<\/p>\n<h3><strong>Beneficios de amplio espectro<\/strong><\/h3>\n<p>\u00bfQuieres las ventajas de los compuestos derivados del c\u00e1\u00f1amo sin THC? Nuestras gomitas de CBD de amplio espectro son la elecci\u00f3n perfecta.<\/p>\n<ul>\n<li><strong>Libre de THC<\/strong>:Evite cualquier preocupaci\u00f3n sobre los efectos psicoactivos.<\/li>\n<li><strong>El efecto s\u00e9quito<\/strong>:Benef\u00edciese de los cannabinoides y terpenos trabajando juntos para obtener mejores resultados.<\/li>\n<\/ul>\n<p>Este enfoque inteligente le ofrece todos los beneficios del CBD que favorecen el bienestar y al mismo tiempo le permite conservar su tranquilidad.<\/p>\n<h3><strong>Pruebas rigurosas de terceros<\/strong><\/h3>\n<p>Su confianza es nuestra prioridad. Cada lote de gomitas de CBD de amplio espectro BlissFulVibz se somete a:<\/p>\n<ul>\n<li><strong>Prueba de potencia<\/strong>:Garantizar un contenido preciso de CBD.<\/li>\n<li><strong>Detecci\u00f3n de contaminantes<\/strong>:Prueba de m\u00e1s de 50 pesticidas y otras impurezas.<\/li>\n<\/ul>\n<p>Con pruebas de laboratorio de terceros, puede estar seguro de la pureza, seguridad y calidad de nuestros productos.<\/p>\n<h3><strong>El bienestar es f\u00e1cil<\/strong><\/h3>\n<p>Cada frasco contiene 30 gomitas, disponibles en:<\/p>\n<ul>\n<li><strong>10 mg de CBD de amplio espectro por gominola<\/strong><\/li>\n<li><strong>25 mg de CBD de amplio espectro por gominola<\/strong><\/li>\n<\/ul>\n<p>Perfecto para usar mientras viaja, en su escritorio o para relajarse al final del d\u00eda.<\/p>\n<p>\u00bfNo est\u00e1 completamente satisfecho? No hay problema. Respaldamos nuestros productos con un <strong>Garant\u00eda de devoluci\u00f3n de dinero de 30 d\u00edas<\/strong>\u2014sin hacer preguntas.<\/p>\n<h3><strong>Prueba hoy mismo las gomitas de CBD org\u00e1nicas BlissFulVibz<\/strong><\/h3>\n<p>Mejore su rutina de bienestar con estas gomitas sabrosas y sin culpa. Experimente la diferencia del CBD de amplio espectro certificado como org\u00e1nico por el USDA y d\u00e9 el primer paso hacia un estilo de vida m\u00e1s equilibrado y placentero. <a href=\"https:\/\/blissfulvibz.com\/es\/comercio\/\"><strong>\u00a1Compra ahora y descubre el estilo BlissFulVibz!<\/strong><\/a><\/p>","protected":false},"excerpt":{"rendered":"<p>Disfrute de la comodidad de las gomitas de CBD de 10 mg de BlissFulVibz, dise\u00f1adas para su estilo de vida activo. Estas gomitas veganas y sin gluten ofrecen los beneficios calmantes del CBD de amplio espectro con 0,01 TP3T de THC, lo que garantiza una experiencia tranquila y equilibrada.<\/p>","protected":false},"featured_media":22605,"comment_status":"open","ping_status":"closed","template":"","meta":{"_acf_changed":false,"inline_featured_image":false},"product_brand":[],"product_cat":[78],"product_tag":[93],"class_list":{"0":"post-22082","1":"product","2":"type-product","3":"status-publish","4":"has-post-thumbnail","6":"product_cat-mello-vibz","7":"product_tag-gummies","9":"first","10":"instock","11":"taxable","12":"shipping-taxable","13":"purchasable","14":"product-type-simple"},"acf":[],"_links":{"self":[{"href":"https:\/\/blissfulvibz.com\/es\/wp-json\/wp\/v2\/product\/22082","targetHints":{"allow":["GET"]}}],"collection":[{"href":"https:\/\/blissfulvibz.com\/es\/wp-json\/wp\/v2\/product"}],"about":[{"href":"https:\/\/blissfulvibz.com\/es\/wp-json\/wp\/v2\/types\/product"}],"replies":[{"embeddable":true,"href":"https:\/\/blissfulvibz.com\/es\/wp-json\/wp\/v2\/comments?post=22082"}],"version-history":[{"count":4,"href":"https:\/\/blissfulvibz.com\/es\/wp-json\/wp\/v2\/product\/22082\/revisions"}],"predecessor-version":[{"id":24089,"href":"https:\/\/blissfulvibz.com\/es\/wp-json\/wp\/v2\/product\/22082\/revisions\/24089"}],"wp:featuredmedia":[{"embeddable":true,"href":"https:\/\/blissfulvibz.com\/es\/wp-json\/wp\/v2\/media\/22605"}],"wp:attachment":[{"href":"https:\/\/blissfulvibz.com\/es\/wp-json\/wp\/v2\/media?parent=22082"}],"wp:term":[{"taxonomy":"product_brand","embeddable":true,"href":"https:\/\/blissfulvibz.com\/es\/wp-json\/wp\/v2\/product_brand?post=22082"},{"taxonomy":"product_cat","embeddable":true,"href":"https:\/\/blissfulvibz.com\/es\/wp-json\/wp\/v2\/product_cat?post=22082"},{"taxonomy":"product_tag","embeddable":true,"href":"https:\/\/blissfulvibz.com\/es\/wp-json\/wp\/v2\/product_tag?post=22082"}],"curies":[{"name":"wp","href":"https:\/\/api.w.org\/{rel}","templated":true}]}}