{"id":22575,"date":"2024-11-30T18:06:10","date_gmt":"2024-11-30T18:06:10","guid":{"rendered":"https:\/\/blissfulvibz.com\/?page_id=22575"},"modified":"2025-01-22T05:58:43","modified_gmt":"2025-01-22T05:58:43","slug":"declaracion-de-accesibilidad","status":"publish","type":"page","link":"https:\/\/blissfulvibz.com\/es\/declaracion-de-accesibilidad\/","title":{"rendered":"Declaraci\u00f3n de accesibilidad"},"content":{"rendered":"<p><strong>Vibz feliz y pleno<\/strong> se compromete a hacer que el contenido de nuestro sitio web sea accesible y f\u00e1cil de usar para todos. Si tiene dificultades para ver o navegar por el contenido de este sitio web, o nota alg\u00fan contenido, caracter\u00edstica o funcionalidad que cree que no es totalmente accesible para personas con discapacidades, llame a nuestro equipo de Servicio al Cliente o env\u00ede un correo electr\u00f3nico a nuestro equipo a <strong><a rel=\"noopener\">atenci\u00f3n al cliente@blissfulvibz.com<\/a><\/strong> con \u201cAcceso para discapacitados\u201d en la l\u00ednea de asunto y proporcione una descripci\u00f3n de la funci\u00f3n espec\u00edfica que considera que no es completamente accesible o una sugerencia para mejorarla.<\/p>\n<p>Nos tomamos muy en serio sus comentarios y los tendremos en cuenta a la hora de evaluar las formas de adaptarnos a todos nuestros clientes y nuestras pol\u00edticas generales de accesibilidad. Adem\u00e1s, si bien no controlamos a dichos proveedores, recomendamos encarecidamente a los proveedores de contenido digital de terceros que proporcionen contenido que sea accesible y f\u00e1cil de usar.<\/p>","protected":false},"excerpt":{"rendered":"<p>BlissFulVibz is committed to making our website&#8217;s content accessible and user-friendly to everyone. If you are having difficulty viewing or navigating the content on this website, or notice any content, feature, or functionality that you believe is not fully accessible to people with disabilities, please call our Customer Service team or email our team at [&hellip;]<\/p>","protected":false},"author":3,"featured_media":0,"parent":0,"menu_order":0,"comment_status":"closed","ping_status":"closed","template":"","meta":{"_acf_changed":false,"inline_featured_image":false,"footnotes":""},"class_list":["post-22575","page","type-page","status-publish","hentry"],"acf":[],"_links":{"self":[{"href":"https:\/\/blissfulvibz.com\/es\/wp-json\/wp\/v2\/pages\/22575","targetHints":{"allow":["GET"]}}],"collection":[{"href":"https:\/\/blissfulvibz.com\/es\/wp-json\/wp\/v2\/pages"}],"about":[{"href":"https:\/\/blissfulvibz.com\/es\/wp-json\/wp\/v2\/types\/page"}],"author":[{"embeddable":true,"href":"https:\/\/blissfulvibz.com\/es\/wp-json\/wp\/v2\/users\/3"}],"replies":[{"embeddable":true,"href":"https:\/\/blissfulvibz.com\/es\/wp-json\/wp\/v2\/comments?post=22575"}],"version-history":[{"count":0,"href":"https:\/\/blissfulvibz.com\/es\/wp-json\/wp\/v2\/pages\/22575\/revisions"}],"wp:attachment":[{"href":"https:\/\/blissfulvibz.com\/es\/wp-json\/wp\/v2\/media?parent=22575"}],"curies":[{"name":"wp","href":"https:\/\/api.w.org\/{rel}","templated":true}]}}