{"id":22546,"date":"2024-11-30T17:54:41","date_gmt":"2024-11-30T17:54:41","guid":{"rendered":"https:\/\/blissfulvibz.com\/?page_id=22546"},"modified":"2025-01-28T21:33:03","modified_gmt":"2025-01-28T21:33:03","slug":"condiciones-del-servicio","status":"publish","type":"page","link":"https:\/\/blissfulvibz.com\/es\/condiciones-del-servicio\/","title":{"rendered":"Condiciones de servicio"},"content":{"rendered":"<p><strong>DESCRIPCI\u00d3N GENERAL<\/strong><br \/>\nEste sitio web es operado por BlissFulVibz. En todo el sitio, los t\u00e9rminos \u201cnosotros\u201d, \u201cnos\u201d y \u201cnuestro\u201d se refieren a BlissFulVibz. BlissFulVibz ofrece este sitio web, incluida toda la informaci\u00f3n, las herramientas y los servicios disponibles en este sitio para usted, el usuario, con la condici\u00f3n de que acepte todos los t\u00e9rminos, condiciones, pol\u00edticas y avisos aqu\u00ed establecidos.<\/p>\n<p>Al visitar nuestro sitio y\/o comprar algo de nosotros, usted participa en nuestro \u201cServicio\u201d y acepta estar sujeto a los siguientes t\u00e9rminos y condiciones (\u201cT\u00e9rminos de Servicio\u201d, \u201cT\u00e9rminos\u201d), incluidos los t\u00e9rminos y condiciones y pol\u00edticas adicionales a los que se hace referencia en este documento y\/o que est\u00e1n disponibles mediante hiperv\u00ednculos. Estos T\u00e9rminos de Servicio se aplican a todos los usuarios del sitio, incluidos, entre otros, los usuarios que son navegadores, proveedores, clientes, comerciantes y\/o contribuyentes de contenido.<\/p>\n<p>Lea atentamente estos T\u00e9rminos de servicio antes de acceder o utilizar nuestro sitio web. Al acceder o utilizar cualquier parte del sitio, usted acepta estar sujeto a estos T\u00e9rminos de servicio. Si no acepta todos los t\u00e9rminos y condiciones de este acuerdo, no podr\u00e1 acceder al sitio web ni utilizar ninguno de los servicios. Si estos T\u00e9rminos de servicio se consideran una oferta, la aceptaci\u00f3n se limita expresamente a estos T\u00e9rminos de servicio.<\/p>\n<p>Cualquier nueva funci\u00f3n o herramienta que se agregue a la tienda actual tambi\u00e9n estar\u00e1 sujeta a los T\u00e9rminos de servicio. Puede revisar la versi\u00f3n m\u00e1s actualizada de los T\u00e9rminos de servicio en cualquier momento en esta p\u00e1gina. Nos reservamos el derecho de actualizar, cambiar o reemplazar cualquier parte de estos T\u00e9rminos de servicio mediante la publicaci\u00f3n de actualizaciones y\/o cambios en nuestro sitio web. Es su responsabilidad revisar esta p\u00e1gina peri\u00f3dicamente para ver si hay cambios. Su uso continuo o acceso al sitio web despu\u00e9s de la publicaci\u00f3n de cualquier cambio constituye la aceptaci\u00f3n de dichos cambios.<\/p>\n<p>Nuestra tienda est\u00e1 alojada en Shopify Inc. Ellos nos proporcionan la plataforma de comercio electr\u00f3nico en l\u00ednea que nos permite venderle nuestros productos y servicios.<\/p>\n<p><strong>DIRECCI\u00d3N<\/strong><\/p>\n<p>4410 East Claiborne Street, Suite 334,<\/p>\n<p>Hampton, Virginia 23666<\/p>\n<p>Estados Unidos<\/p>","protected":false},"excerpt":{"rendered":"<p>OVERVIEW This website is operated by BlissFulVibz. Throughout the site, the terms \u201cwe,\u201d \u201cus,\u201d and \u201cour\u201d refer to BlissFulVibz. BlissFulVibz offers this website, including all information, tools, and services available from this site to you, the user, conditioned upon your acceptance of all terms, conditions, policies, and notices stated here. By visiting our site and\/or [&hellip;]<\/p>","protected":false},"author":3,"featured_media":0,"parent":0,"menu_order":0,"comment_status":"closed","ping_status":"closed","template":"","meta":{"_acf_changed":false,"inline_featured_image":false,"footnotes":""},"class_list":["post-22546","page","type-page","status-publish","hentry"],"acf":[],"_links":{"self":[{"href":"https:\/\/blissfulvibz.com\/es\/wp-json\/wp\/v2\/pages\/22546","targetHints":{"allow":["GET"]}}],"collection":[{"href":"https:\/\/blissfulvibz.com\/es\/wp-json\/wp\/v2\/pages"}],"about":[{"href":"https:\/\/blissfulvibz.com\/es\/wp-json\/wp\/v2\/types\/page"}],"author":[{"embeddable":true,"href":"https:\/\/blissfulvibz.com\/es\/wp-json\/wp\/v2\/users\/3"}],"replies":[{"embeddable":true,"href":"https:\/\/blissfulvibz.com\/es\/wp-json\/wp\/v2\/comments?post=22546"}],"version-history":[{"count":2,"href":"https:\/\/blissfulvibz.com\/es\/wp-json\/wp\/v2\/pages\/22546\/revisions"}],"predecessor-version":[{"id":23444,"href":"https:\/\/blissfulvibz.com\/es\/wp-json\/wp\/v2\/pages\/22546\/revisions\/23444"}],"wp:attachment":[{"href":"https:\/\/blissfulvibz.com\/es\/wp-json\/wp\/v2\/media?parent=22546"}],"curies":[{"name":"wp","href":"https:\/\/api.w.org\/{rel}","templated":true}]}}