{"id":22544,"date":"2024-11-30T17:53:40","date_gmt":"2024-11-30T17:53:40","guid":{"rendered":"https:\/\/blissfulvibz.com\/?page_id=22544"},"modified":"2025-01-28T20:55:04","modified_gmt":"2025-01-28T20:55:04","slug":"politica-de-reembolso","status":"publish","type":"page","link":"https:\/\/blissfulvibz.com\/es\/politica-de-reembolso\/","title":{"rendered":"Pol\u00edtica de reembolso"},"content":{"rendered":"<p><strong>Garant\u00eda de rendimiento de 30 d\u00edas de BlissFulVibz \u201cBetter Life\u201d<\/strong><\/p>\n<p>Si despu\u00e9s de comprar y probar cualquier producto de BlissFulVibz, no ha mejorado su vida al menos un poco, lo compraremos de nuevo dentro de los 30 d\u00edas posteriores a la fecha de entrega del producto. S\u00ed, \u00a1estamos tan seguros de que le ENCANTAR\u00c1N sus productos BlissFulVibz!<\/p>\n<p>Puedes iniciar una devoluci\u00f3n o cambio <a href=\"#\" rel=\"noopener\">aqu\u00ed<\/a>.<\/p>\n<p><strong>Nota:<\/strong> Si se devuelve un art\u00edculo, se emite una tarifa de env\u00edo de $8 para devolver el art\u00edculo con una etiqueta prepaga.<\/p>\n<p><strong>Da\u00f1os y problemas<\/strong><br \/>\nInspeccione su pedido al recibirlo y cont\u00e1ctenos inmediatamente si el art\u00edculo est\u00e1 defectuoso, da\u00f1ado o si recibe el art\u00edculo incorrecto, para que podamos evaluar el problema y solucionarlo.<\/p>\n<p><strong>Excepciones \/ Art\u00edculos no retornables<\/strong><br \/>\nLamentablemente, no podemos aceptar devoluciones de paquetes de temporada ni tarjetas de regalo.<\/p>\n<p><strong>Intercambios<\/strong><br \/>\nCon mucho gusto cambiaremos tus art\u00edculos. Puedes iniciar un proceso de devoluci\u00f3n o cambio <a href=\"#\" rel=\"noopener\">aqu\u00ed<\/a>.<\/p>\n<p><strong>Nota:<\/strong> Si se devuelve un art\u00edculo, se emite una tarifa de env\u00edo de $8 para devolver el art\u00edculo con una etiqueta prepaga.<\/p>\n<p><strong>Reembolsos<\/strong><br \/>\nTe notificaremos una vez que hayamos recibido tu devoluci\u00f3n. Si se aprueba tu reembolso, se realizar\u00e1 mediante el m\u00e9todo de pago original. Recuerda que puede llevar alg\u00fan tiempo que tu banco o la compa\u00f1\u00eda de tu tarjeta de cr\u00e9dito procesen y publiquen el reembolso.<\/p>\n<p>Lamentablemente no podemos reembolsar los gastos de env\u00edo.<\/p>","protected":false},"excerpt":{"rendered":"<p>The BlissFulVibz \u201cBetter Life\u201d 30-Day Performance Guarantee If after buying and trying any BlissFulVibz product, it has not made your life at least a little better, we\u2019ll buy it back within 30 days of the delivery date of the product. Yes, we\u2019re that confident you\u2019re going to LOVE your BlissFulVibz products! You can start a [&hellip;]<\/p>","protected":false},"author":3,"featured_media":0,"parent":0,"menu_order":0,"comment_status":"closed","ping_status":"closed","template":"","meta":{"_acf_changed":false,"inline_featured_image":false,"footnotes":""},"class_list":["post-22544","page","type-page","status-publish","hentry"],"acf":[],"_links":{"self":[{"href":"https:\/\/blissfulvibz.com\/es\/wp-json\/wp\/v2\/pages\/22544","targetHints":{"allow":["GET"]}}],"collection":[{"href":"https:\/\/blissfulvibz.com\/es\/wp-json\/wp\/v2\/pages"}],"about":[{"href":"https:\/\/blissfulvibz.com\/es\/wp-json\/wp\/v2\/types\/page"}],"author":[{"embeddable":true,"href":"https:\/\/blissfulvibz.com\/es\/wp-json\/wp\/v2\/users\/3"}],"replies":[{"embeddable":true,"href":"https:\/\/blissfulvibz.com\/es\/wp-json\/wp\/v2\/comments?post=22544"}],"version-history":[{"count":1,"href":"https:\/\/blissfulvibz.com\/es\/wp-json\/wp\/v2\/pages\/22544\/revisions"}],"predecessor-version":[{"id":23436,"href":"https:\/\/blissfulvibz.com\/es\/wp-json\/wp\/v2\/pages\/22544\/revisions\/23436"}],"wp:attachment":[{"href":"https:\/\/blissfulvibz.com\/es\/wp-json\/wp\/v2\/media?parent=22544"}],"curies":[{"name":"wp","href":"https:\/\/api.w.org\/{rel}","templated":true}]}}