{"id":22542,"date":"2024-11-30T17:52:55","date_gmt":"2024-11-30T17:52:55","guid":{"rendered":"https:\/\/blissfulvibz.com\/?page_id=22542"},"modified":"2025-01-28T20:50:21","modified_gmt":"2025-01-28T20:50:21","slug":"politica-de-privacidad-2","status":"publish","type":"page","link":"https:\/\/blissfulvibz.com\/es\/politica-de-privacidad-2\/","title":{"rendered":"pol\u00edtica de privacidad"},"content":{"rendered":"<p>Esta Pol\u00edtica de Privacidad describe c\u00f3mo <strong>BlissFulVibz.com<\/strong> (el \u201cSitio\u201d o \u201cnosotros\u201d) recopila, usa y divulga su informaci\u00f3n personal cuando visita o realiza una compra en el Sitio.<\/p>\n<p><strong>Contacto<\/strong><br \/>\nDespu\u00e9s de revisar esta pol\u00edtica, si tiene preguntas adicionales, desea m\u00e1s informaci\u00f3n sobre nuestras pr\u00e1cticas de privacidad o desea presentar una queja, comun\u00edquese con nosotros por correo electr\u00f3nico a <strong>atenci\u00f3n al cliente@blissfullvibz.com<\/strong>\u00a0o por correo electr\u00f3nico utilizando los datos que se facilitan a continuaci\u00f3n:<\/p>\n<p><strong>Vibz feliz y pleno<\/strong><\/p>\n<p>4410 East Claiborne Street, Suite 334,<\/p>\n<p>Hampton, Virginia 23666<\/p>\n<p>Estados Unidos<\/p>\n<p><strong>Recopilaci\u00f3n de informaci\u00f3n personal<\/strong><br \/>\nCuando visita el Sitio, recopilamos cierta informaci\u00f3n sobre su dispositivo, su interacci\u00f3n con el Sitio e informaci\u00f3n necesaria para procesar sus compras. Tambi\u00e9n podemos recopilar informaci\u00f3n adicional si se comunica con nosotros para obtener asistencia al cliente. En esta Pol\u00edtica de privacidad, nos referimos a cualquier informaci\u00f3n sobre una persona identificable (incluida la siguiente informaci\u00f3n) como &quot;Informaci\u00f3n personal&quot;.<\/p>\n<p><strong>Informaci\u00f3n del dispositivo<\/strong><\/p>\n<ul>\n<li><strong>Finalidad de la recogida<\/strong>:Para cargar el Sitio con precisi\u00f3n para usted y realizar an\u00e1lisis sobre el uso del Sitio para optimizarlo.<\/li>\n<li><strong>Fuente de la colecci\u00f3n<\/strong>:Se recopilan autom\u00e1ticamente cuando accede a nuestro Sitio mediante cookies, archivos de registro, balizas web, etiquetas o p\u00edxeles.<\/li>\n<li><strong>Divulgaci\u00f3n con fines comerciales<\/strong>:Compartido con nuestro procesador WooCommerce y otros proveedores de servicios relevantes.<\/li>\n<li><strong>Informaci\u00f3n personal recopilada<\/strong>:Versi\u00f3n del navegador web, direcci\u00f3n IP, zona horaria, informaci\u00f3n de cookies, qu\u00e9 sitios o productos visita, t\u00e9rminos de b\u00fasqueda y c\u00f3mo interact\u00faa con el Sitio.<\/li>\n<\/ul>\n<p><strong>Informaci\u00f3n del pedido<\/strong><\/p>\n<ul>\n<li><strong>Finalidad de la recogida<\/strong>:Para brindarle productos o servicios, cumplir nuestro contrato, procesar informaci\u00f3n de pago, organizar env\u00edos, proporcionar facturas y confirmaciones de pedidos, comunicarnos con usted, examinar pedidos para detectar riesgos o fraudes y brindar informaci\u00f3n o publicidad de acuerdo con sus preferencias.<\/li>\n<li><strong>Fuente de la colecci\u00f3n<\/strong>:Recogido de usted.<\/li>\n<li><strong>Divulgaci\u00f3n con fines comerciales<\/strong>:Compartido con nuestro procesador WooCommerce, pasarelas de pago, servicios de env\u00edo y cumplimiento.<\/li>\n<li><strong>Informaci\u00f3n personal recopilada<\/strong>:Nombre, direcci\u00f3n de facturaci\u00f3n, direcci\u00f3n de env\u00edo, informaci\u00f3n de pago (n\u00fameros de tarjetas de cr\u00e9dito y otros m\u00e9todos de pago), direcci\u00f3n de correo electr\u00f3nico y n\u00famero de tel\u00e9fono.<\/li>\n<\/ul>\n<p><strong>Informaci\u00f3n de atenci\u00f3n al cliente<\/strong><\/p>\n<ul>\n<li><strong>Finalidad de la recogida<\/strong>:Para brindar soporte al cliente.<\/li>\n<li><strong>Fuente de la colecci\u00f3n<\/strong>:Recogido de usted.<\/li>\n<li><strong>Divulgaci\u00f3n con fines comerciales<\/strong>:Compartido con herramientas o plataformas de servicio al cliente relevantes.<\/li>\n<li><strong>Informaci\u00f3n personal recopilada<\/strong>:Cualquier informaci\u00f3n proporcionada durante las consultas de soporte.<\/li>\n<\/ul>\n<p><strong>Menores de edad<\/strong><br \/>\nEl Sitio no est\u00e1 destinado a personas menores de 18 a\u00f1os. No recopilamos intencionalmente informaci\u00f3n personal de ni\u00f1os. Si usted es el padre o tutor y cree que su hijo nos ha proporcionado informaci\u00f3n personal, comun\u00edquese con nosotros para solicitar su eliminaci\u00f3n.<\/p>\n<p><strong>Compartir informaci\u00f3n personal<\/strong><br \/>\nCompartimos su informaci\u00f3n personal con proveedores de servicios para ayudarnos a brindar nuestros servicios y cumplir nuestros contratos con usted. Por ejemplo:<\/p>\n<ul>\n<li>Utilizamos WooCommerce para impulsar nuestra tienda en l\u00ednea. Puede leer m\u00e1s sobre c\u00f3mo WooCommerce utiliza su informaci\u00f3n personal aqu\u00ed: <a href=\"https:\/\/woocommerce.com\/document\/marketplace-privacy\/\" target=\"_blank\" rel=\"noopener\">https:\/\/woocommerce.com\/document\/marketplace-privacy\/<\/a>.<\/li>\n<li>Podemos compartir su informaci\u00f3n personal para cumplir con las leyes y regulaciones aplicables, responder a solicitudes legales o proteger nuestros derechos.<\/li>\n<\/ul>\n<p><strong>Publicidad basada en el comportamiento<\/strong><br \/>\nUtilizamos su informaci\u00f3n personal para ofrecerle anuncios o comunicaciones de marketing espec\u00edficos que creemos que pueden interesarle. Por ejemplo:<\/p>\n<ul>\n<li>Utilizamos Google Analytics para comprender c\u00f3mo nuestros clientes utilizan el Sitio. Obtenga m\u00e1s informaci\u00f3n sobre c\u00f3mo Google utiliza su informaci\u00f3n personal: <a href=\"https:\/\/www.google.com\/intl\/en\/policies\/privacy\/\" target=\"_blank\" rel=\"noopener\">https:\/\/www.google.com\/intl\/en\/policies\/privacy\/<\/a>Puedes cancelar tu suscripci\u00f3n aqu\u00ed: <a href=\"https:\/\/tools.google.com\/dlpage\/gaoptout\" target=\"_blank\" rel=\"noopener\">https:\/\/tools.google.com\/dlpage\/gaoptout<\/a>.<\/li>\n<\/ul>\n<p>Para inhabilitar la publicidad dirigida:<\/p>\n<ul>\n<li><strong>Facebook<\/strong>: <a href=\"https:\/\/www.facebook.com\/settings\/?tab=ads\" target=\"_blank\" rel=\"noopener\">https:\/\/www.facebook.com\/settings\/?tab=ads<\/a><\/li>\n<li><strong>Google<\/strong>: <a href=\"https:\/\/www.google.com\/settings\/ads\/anonymous\" target=\"_blank\" rel=\"noopener\">https:\/\/www.google.com\/settings\/ads\/anonymous<\/a><\/li>\n<li><strong>Bing<\/strong>: <a href=\"https:\/\/advertise.bingads.microsoft.com\/en-us\/resources\/policies\/personalized-ads\" target=\"_blank\" rel=\"noopener\">https:\/\/advertise.bingads.microsoft.com\/en-us\/resources\/policies\/personalized-ads<\/a><\/li>\n<\/ul>\n<p><strong>Uso de informaci\u00f3n personal<\/strong><br \/>\nUtilizamos su informaci\u00f3n personal para brindar nuestros servicios, lo que incluye ofrecer productos para la venta, procesar pagos, env\u00edos, completar pedidos y mantenerlo actualizado sobre nuevos productos y ofertas.<\/p>\n<p><strong>Retenci\u00f3n<\/strong><br \/>\nCuando realiza un pedido a trav\u00e9s del Sitio, conservaremos su informaci\u00f3n personal para nuestros registros a menos y hasta que nos solicite que la borremos.<\/p>\n<p><strong>Galletas<\/strong><br \/>\nLas cookies mejoran su experiencia de navegaci\u00f3n al permitir que el Sitio recuerde acciones y preferencias. Puede administrar o bloquear las cookies en la configuraci\u00f3n de su navegador. Obtenga m\u00e1s informaci\u00f3n en <a href=\"http:\/\/www.allaboutcookies.org\/\" target=\"_blank\" rel=\"noopener\">www.allaboutcookies.org<\/a>.<\/p>\n<p><strong>No rastrear<\/strong><br \/>\nNo modificamos nuestras pr\u00e1cticas de recopilaci\u00f3n y uso de datos cuando detectamos una se\u00f1al de No rastrear de su navegador.<\/p>\n<p><strong>Cambios<\/strong><br \/>\nPodemos actualizar esta Pol\u00edtica de privacidad para reflejar cambios en nuestras pr\u00e1cticas o por otras razones operativas, legales o regulatorias.<\/p>\n<p><strong>Quejas<\/strong><br \/>\nSi no est\u00e1 satisfecho con nuestra respuesta a una queja, puede presentarla ante la autoridad de protecci\u00f3n de datos pertinente en su jurisdicci\u00f3n.<\/p>","protected":false},"excerpt":{"rendered":"<p>This Privacy Policy describes how BlissFulVibz.com (the \u201cSite\u201d or \u201cwe\u201d) collects, uses, and discloses your Personal Information when you visit or make a purchase from the Site. Contact After reviewing this policy, if you have additional questions, want more information about our privacy practices, or would like to make a complaint, please contact us by [&hellip;]<\/p>","protected":false},"author":3,"featured_media":0,"parent":0,"menu_order":0,"comment_status":"closed","ping_status":"closed","template":"","meta":{"_acf_changed":false,"inline_featured_image":false,"footnotes":""},"class_list":["post-22542","page","type-page","status-publish","hentry"],"acf":[],"_links":{"self":[{"href":"https:\/\/blissfulvibz.com\/es\/wp-json\/wp\/v2\/pages\/22542","targetHints":{"allow":["GET"]}}],"collection":[{"href":"https:\/\/blissfulvibz.com\/es\/wp-json\/wp\/v2\/pages"}],"about":[{"href":"https:\/\/blissfulvibz.com\/es\/wp-json\/wp\/v2\/types\/page"}],"author":[{"embeddable":true,"href":"https:\/\/blissfulvibz.com\/es\/wp-json\/wp\/v2\/users\/3"}],"replies":[{"embeddable":true,"href":"https:\/\/blissfulvibz.com\/es\/wp-json\/wp\/v2\/comments?post=22542"}],"version-history":[{"count":1,"href":"https:\/\/blissfulvibz.com\/es\/wp-json\/wp\/v2\/pages\/22542\/revisions"}],"predecessor-version":[{"id":23435,"href":"https:\/\/blissfulvibz.com\/es\/wp-json\/wp\/v2\/pages\/22542\/revisions\/23435"}],"wp:attachment":[{"href":"https:\/\/blissfulvibz.com\/es\/wp-json\/wp\/v2\/media?parent=22542"}],"curies":[{"name":"wp","href":"https:\/\/api.w.org\/{rel}","templated":true}]}}