{"id":22540,"date":"2024-11-30T17:50:38","date_gmt":"2024-11-30T17:50:38","guid":{"rendered":"https:\/\/blissfulvibz.com\/?page_id=22540"},"modified":"2025-01-30T15:24:12","modified_gmt":"2025-01-30T15:24:12","slug":"politica-de-envio","status":"publish","type":"page","link":"https:\/\/blissfulvibz.com\/es\/politica-de-envio\/","title":{"rendered":"Pol\u00edtica de env\u00edo"},"content":{"rendered":"<p>Todo <strong>Vibz feliz y pleno<\/strong> \u00a1Los pedidos se env\u00edan de forma r\u00e1pida y gratuita! Nos enorgullecemos de nuestro excelente servicio al cliente, que incluye el env\u00edo preciso y puntual de sus art\u00edculos. Revise nuestra pol\u00edtica de env\u00edo a continuaci\u00f3n para obtener informaci\u00f3n adicional:<\/p>\n<p><strong>Env\u00edos y tiempos de entrega<\/strong><br \/>\nNos esforzamos por procesar todos los pedidos en un d\u00eda h\u00e1bil, de lunes a viernes. Si realiza un pedido el s\u00e1bado o el domingo, lo m\u00e1s probable es que su pedido se env\u00ede el lunes.<\/p>\n<p>Durante las vacaciones o grandes eventos promocionales, es posible que ocasionalmente reciba un pedido que demore dos d\u00edas h\u00e1biles en procesarse.<\/p>\n<p><strong>M\u00e9todo de env\u00edo<\/strong><\/p>\n<table>\n<thead>\n<tr>\n<th>M\u00e9todo de env\u00edo<\/th>\n<th>Entrega estimada*<\/th>\n<th>Costo de env\u00edo<\/th>\n<\/tr>\n<\/thead>\n<tbody>\n<tr>\n<td>USPS (Servicio Postal de los Estados Unidos)<\/td>\n<td>3-7 d\u00edas h\u00e1biles<\/td>\n<td>Env\u00edo gratis<\/td>\n<\/tr>\n<tr>\n<td>UPS (Servicio de paqueter\u00eda unificado)<\/td>\n<td>2-3 d\u00edas h\u00e1biles<\/td>\n<td>$15.00<\/td>\n<\/tr>\n<tr>\n<td><\/td>\n<td><\/td>\n<td><\/td>\n<\/tr>\n<\/tbody>\n<\/table>\n<p><strong>Nota:<\/strong><br \/>\nEnviamos pedidos de lunes a viernes \u00fanicamente. Los pedidos realizados despu\u00e9s de las 2:00 p. m. (hora del Este de EE. UU.) de viernes a domingo no se enviar\u00e1n hasta el lunes siguiente.<\/p>\n<p><em>No podemos garantizar los tiempos de entrega. Los tiempos de entrega son estimados en funci\u00f3n del historial de pedidos anteriores.<\/em><\/p>\n<p><strong>Env\u00edo a apartados postales<\/strong><br \/>\nEl env\u00edo a apartados postales solo est\u00e1 disponible a trav\u00e9s de USPS. Si necesita enviar su pedido a un apartado postal, seleccione cualquier opci\u00f3n de env\u00edo de USPS al finalizar la compra.<\/p>\n<p><strong>Confirmaci\u00f3n de env\u00edo y seguimiento de pedidos<\/strong><br \/>\nRecibir\u00e1 un correo electr\u00f3nico de confirmaci\u00f3n de env\u00edo una vez que se env\u00ede su pedido, que contiene la informaci\u00f3n de seguimiento de sus art\u00edculos. Tambi\u00e9n recibir\u00e1 un correo electr\u00f3nico de confirmaci\u00f3n cuando se hayan entregado sus art\u00edculos.<\/p>\n<p><strong>Art\u00edculos da\u00f1ados y faltantes<\/strong><br \/>\nSi recibes art\u00edculos da\u00f1ados durante el env\u00edo o que no son los que pediste, av\u00edsanos dentro de una semana despu\u00e9s de la entrega y lo solucionaremos. Una vez transcurridos 7 d\u00edas desde la fecha de entrega, no nos hacemos responsables de los art\u00edculos da\u00f1ados o faltantes.<\/p>\n<p><strong>Pol\u00edtica de env\u00edos internacionales<\/strong><br \/>\nEn este momento, solo podemos realizar env\u00edos a Estados Unidos. No realizamos env\u00edos a Canad\u00e1, M\u00e9xico, Europa, Australia ni Asia.<\/p>\n<p>Para obtener m\u00e1s informaci\u00f3n, comun\u00edquese con nosotros a trav\u00e9s de nuestro chat en l\u00ednea, formulario de contacto o llam\u00e1ndonos al<\/p>\n<p><strong>757-809-4904<\/strong><\/p>\n<p><strong><a rel=\"noopener\">atenci\u00f3n al cliente@blissfulvibz.com<\/a><\/strong>.<\/p>","protected":false},"excerpt":{"rendered":"<p>All BlissFulVibz orders ship fast and free! We pride ourselves on our excellent customer service, which includes shipping your items accurately and on time. Please review our shipping policy below for additional information: Shipping &amp; Delivery Times We strive to process all orders within one business day, Monday through Friday. If you place an order [&hellip;]<\/p>","protected":false},"author":3,"featured_media":0,"parent":0,"menu_order":0,"comment_status":"closed","ping_status":"closed","template":"","meta":{"_acf_changed":false,"inline_featured_image":false,"footnotes":""},"class_list":["post-22540","page","type-page","status-publish","hentry"],"acf":[],"_links":{"self":[{"href":"https:\/\/blissfulvibz.com\/es\/wp-json\/wp\/v2\/pages\/22540","targetHints":{"allow":["GET"]}}],"collection":[{"href":"https:\/\/blissfulvibz.com\/es\/wp-json\/wp\/v2\/pages"}],"about":[{"href":"https:\/\/blissfulvibz.com\/es\/wp-json\/wp\/v2\/types\/page"}],"author":[{"embeddable":true,"href":"https:\/\/blissfulvibz.com\/es\/wp-json\/wp\/v2\/users\/3"}],"replies":[{"embeddable":true,"href":"https:\/\/blissfulvibz.com\/es\/wp-json\/wp\/v2\/comments?post=22540"}],"version-history":[{"count":8,"href":"https:\/\/blissfulvibz.com\/es\/wp-json\/wp\/v2\/pages\/22540\/revisions"}],"predecessor-version":[{"id":23458,"href":"https:\/\/blissfulvibz.com\/es\/wp-json\/wp\/v2\/pages\/22540\/revisions\/23458"}],"wp:attachment":[{"href":"https:\/\/blissfulvibz.com\/es\/wp-json\/wp\/v2\/media?parent=22540"}],"curies":[{"name":"wp","href":"https:\/\/api.w.org\/{rel}","templated":true}]}}